{"id":15774754,"date":"2025-11-07T02:13:46","date_gmt":"2025-11-06T23:13:46","guid":{"rendered":"https:\/\/doctorsilverion.com\/?post_type=product&#038;p=15774754"},"modified":"2025-11-12T18:13:51","modified_gmt":"2025-11-12T15:13:51","slug":"reinigungstucher-fur-haustiere","status":"publish","type":"product","link":"https:\/\/doctorsilverion.com\/de\/produkt\/reinigungstucher-fur-haustiere\/","title":{"rendered":"Reinigungst\u00fccher f\u00fcr Haustiere"},"content":{"rendered":"<h5><span style=\"color: #13739f;\"><strong>BITTE LESEN SIE DIE BESCHREIBUNG.<\/strong><\/span><\/h5>\n<pre><span style=\"color: #000000;\"><strong>\u00dcr\u00fcnlerimiz sipari\u015f \u00fczerine \u00fcretilir ve her partide tazelik ve kalite sa\u011flar. Ayr\u0131ca, \u00fcr\u00fcnlerimizi kendinize \u00f6zg\u00fc olarak \u00f6zelle\u015ftirmenize ve markala\u015ft\u0131rman\u0131za olanak tan\u0131yan \u00f6zel etiket f\u0131rsatlar\u0131 da sunuyoruz. Fiyatlar g\u00f6sterge niteli\u011findedir ve \u00f6zelle\u015ftirme ve sipari\u015f hacmine g\u00f6re de\u011fi\u015febilir. Toplu sipari\u015fler ve di\u011fer sorular\u0131n\u0131z i\u00e7in l\u00fctfen bizimle ileti\u015fime ge\u00e7mekten \u00e7ekinmeyin.<\/strong><\/span><\/pre>\n<h3><span style=\"color: #13739f;\"><strong>VORTEILE UND MERKMALE<\/strong><\/span><\/h3>\n<div>Unsere speziell entwickelten Reinigungst\u00fccher f\u00fcr Haustiere sind auf die besonderen Hygiene- und Pflegebed\u00fcrfnisse Ihrer geliebten Haustiere abgestimmt. Mit nat\u00fcrlichen und wirksamen Inhaltsstoffen bieten diese T\u00fccher eine sichere, praktische und sanfte Reinigungsl\u00f6sung.<\/div>\n<div><\/div>\n<div><strong>F\u00f6rdert Hygiene und Komfort:<\/strong> Angereichert mit nat\u00fcrlichen Silberionen helfen diese T\u00fccher, das Risiko bakterieller Infektionen auf der Haut und im Fell Ihres Haustieres zu verringern und sorgen so f\u00fcr eine ges\u00fcndere und hygienischere Umgebung.<\/div>\n<div><\/div>\n<div><strong>Beruhigt Hautreizungen:<\/strong> Das enthaltene Biopolymer Chitin bildet eine Schutzschicht auf der Haut Ihres Haustieres, die R\u00f6tungen, Irritationen und Unbehagen, die durch Reibung oder Umwelteinfl\u00fcsse verursacht werden, reduziert.<\/div>\n<div><\/div>\n<div><strong>Bewahrt die nat\u00fcrliche Feuchtigkeit:<\/strong> Aloe Vera und Vitamin E in der Formel erhalten den nat\u00fcrlichen Feuchtigkeitshaushalt der Haut Ihres Haustieres und sorgen daf\u00fcr, dass das Fell nach jeder Anwendung gl\u00e4nzt und weich bleibt.<\/div>\n<div><\/div>\n<div><strong>Entz\u00fcndungshemmende Eigenschaften:<\/strong> Mit den Vorteilen des Papaya-Extrakts helfen diese T\u00fccher, Entz\u00fcndungen zu lindern und kleinere Reizungen oder Kratzer schneller zu heilen.<\/div>\n<div><\/div>\n<div><strong>Schnelle und einfache Reinigung:<\/strong> Diese T\u00fccher sind mit ozonangereichertem, gereinigtem Wasser angereichert und sorgen f\u00fcr eine gr\u00fcndliche und sanfte Reinigung. Sie eignen sich perfekt f\u00fcr die t\u00e4gliche Hygiene und machen ein Vollbad \u00fcberfl\u00fcssig, ideal f\u00fcr Haustiere, die kein Wasser m\u00f6gen, oder auf Reisen.<\/div>\n<div><\/div>\n<div><strong>Sichere und nat\u00fcrliche Inhaltsstoffe:<\/strong> Frei von sch\u00e4dlichen Inhaltsstoffen wie Alkohol, Parabenen, SLS und SLES sind diese T\u00fccher sicher f\u00fcr den regelm\u00e4\u00dfigen Gebrauch und bieten sanfte Pflege f\u00fcr die empfindliche Haut Ihres Haustiers.<\/div>\n<div><\/div>\n<div><strong>Sch\u00fctzende Barriere:<\/strong> Biopolymer Kitin bildet eine Barriere gegen Umwelteinfl\u00fcsse und erh\u00f6ht die Widerstandsf\u00e4higkeit der Haut und des Fells Ihres Haustieres.<br \/>\nPraktische L\u00f6sung f\u00fcr unterwegs: Die tragbaren und einfach zu verwendenden T\u00fccher sind perfekt f\u00fcr die schnelle Reinigung bei Spazierg\u00e4ngen, Ausfl\u00fcgen oder in jeder Situation, die sofortige Aufmerksamkeit erfordert.<\/div>\n<h3><span style=\"color: #13739f;\"><strong>ANWENDUNGSWEISE.<\/strong><\/span><\/h3>\n<div>1. Reinigen Sie Ihre H\u00e4nde, bevor Sie Ihr Haustier anfassen, um die Hygiene zu wahren.<\/div>\n<div>2. Wischen Sie sanft die Pfoten, das Fell oder das Gesicht Ihres Haustieres mit einem einzigen Tuch f\u00fcr jeden Bereich ab.<\/div>\n<div>3. F\u00fcr empfindliche Stellen wie die Ohren oder unter der Rute speziell gekennzeichnete T\u00fccher verwenden.<\/div>\n<div>4. Gebrauchte T\u00fccher sofort entsorgen und nicht wiederverwenden.<\/div>\n<div>5 Falls erforderlich, verwenden Sie eine Pflegeb\u00fcrste oder ein Handtuch, um den Look zu polieren.<\/div>\n<div>6 Vermeiden Sie den direkten Kontakt mit den Augen Ihres Haustieres. Bei Kontakt mit Wasser aussp\u00fclen.<\/div>\n<div><\/div>\n<h3><span style=\"color: #13739f;\"><strong>WER KANN UNSERE PRODUKTE VERWENDEN?<\/strong><\/span><\/h3>\n<div>1. Geeignet f\u00fcr Hunde aller Rassen, Katzen und andere Kleintiere.<\/div>\n<div>2. Ideal f\u00fcr Haustiere, die kein Wasser m\u00f6gen oder schwer zu baden sind.<\/div>\n<div>3. Empfohlen f\u00fcr Haustiere nach Spazierg\u00e4ngen, Spielen oder schmutzigen Situationen.<\/div>\n<div><\/div>\n<h3><strong><span style=\"color: #13739f;\">WORAUF SOLLTEN SIE ACHTEN?<\/span><\/strong><\/h3>\n<div>1. Verwenden Sie keine T\u00fccher mit besch\u00e4digter Verpackung.<\/div>\n<div>2 Um die Hygiene aufrechtzuerhalten, vermeiden Sie es, dass dasselbe Tuch f\u00fcr mehr als eine K\u00f6rperstelle Ihres Haustieres verwendet wird.<\/div>\n<div>3. Achten Sie darauf, dass Ihr Haustier das Tuch nicht verschluckt.<\/div>\n<div>4. Bei Haustieren mit Allergien oder Hautempfindlichkeiten zun\u00e4chst an einer kleinen Stelle testen.<\/div>\n<div>5. B\u00fchl und trocken lagern und au\u00dferhalb der Reichweite von Kindern und Haustieren aufbewahren.<\/div>\n<div>6. Wenn eine Reizung auftritt, stellen Sie die Anwendung ein und konsultieren Sie Ihren Tierarzt.<\/div>\n<div>7. Wenn Sie diese Richtlinien befolgen, bieten die Reinigungst\u00fccher f\u00fcr Haustiere eine einfache, effektive und sichere M\u00f6glichkeit, Ihre Haustiere sauber zu halten und sich wohlzuf\u00fchlen!<\/div>\n<div><\/div>\n","protected":false},"excerpt":{"rendered":"<p>BITTE LESEN SIE DIE BESCHREIBUNG. \u00dcr\u00fcnlerimiz sipari\u015f \u00fczerine \u00fcretilir ve her partide tazelik ve kalite sa\u011flar. Ayr\u0131ca, \u00fcr\u00fcnlerimizi kendinize \u00f6zg\u00fc olarak \u00f6zelle\u015ftirmenize ve markala\u015ft\u0131rman\u0131za olanak tan\u0131yan \u00f6zel etiket f\u0131rsatlar\u0131 da sunuyoruz. Fiyatlar g\u00f6sterge niteli\u011findedir ve \u00f6zelle\u015ftirme ve sipari\u015f hacmine g\u00f6re de\u011fi\u015febilir. Toplu sipari\u015fler ve di\u011fer sorular\u0131n\u0131z i\u00e7in l\u00fctfen bizimle ileti\u015fime ge\u00e7mekten \u00e7ekinmeyin. VORTEILE UND MERKMALE [&#8230;]\n","protected":false},"featured_media":15773173,"comment_status":"open","ping_status":"closed","template":"","meta":[],"product_brand":[],"product_cat":[350],"product_tag":[],"class_list":{"0":"post-15774754","1":"product","2":"type-product","3":"status-publish","4":"has-post-thumbnail","6":"product_cat-haustiere","8":"first","9":"outofstock","10":"sale","11":"taxable","12":"shipping-taxable","13":"purchasable","14":"product-type-simple"},"_links":{"self":[{"href":"https:\/\/doctorsilverion.com\/de\/wp-json\/wp\/v2\/product\/15774754","targetHints":{"allow":["GET"]}}],"collection":[{"href":"https:\/\/doctorsilverion.com\/de\/wp-json\/wp\/v2\/product"}],"about":[{"href":"https:\/\/doctorsilverion.com\/de\/wp-json\/wp\/v2\/types\/product"}],"replies":[{"embeddable":true,"href":"https:\/\/doctorsilverion.com\/de\/wp-json\/wp\/v2\/comments?post=15774754"}],"version-history":[{"count":2,"href":"https:\/\/doctorsilverion.com\/de\/wp-json\/wp\/v2\/product\/15774754\/revisions"}],"predecessor-version":[{"id":15774771,"href":"https:\/\/doctorsilverion.com\/de\/wp-json\/wp\/v2\/product\/15774754\/revisions\/15774771"}],"wp:featuredmedia":[{"embeddable":true,"href":"https:\/\/doctorsilverion.com\/de\/wp-json\/wp\/v2\/media\/15773173"}],"wp:attachment":[{"href":"https:\/\/doctorsilverion.com\/de\/wp-json\/wp\/v2\/media?parent=15774754"}],"wp:term":[{"taxonomy":"product_brand","embeddable":true,"href":"https:\/\/doctorsilverion.com\/de\/wp-json\/wp\/v2\/product_brand?post=15774754"},{"taxonomy":"product_cat","embeddable":true,"href":"https:\/\/doctorsilverion.com\/de\/wp-json\/wp\/v2\/product_cat?post=15774754"},{"taxonomy":"product_tag","embeddable":true,"href":"https:\/\/doctorsilverion.com\/de\/wp-json\/wp\/v2\/product_tag?post=15774754"}],"curies":[{"name":"wp","href":"https:\/\/api.w.org\/{rel}","templated":true}]}}