{"id":15774038,"date":"2025-10-09T18:30:15","date_gmt":"2025-10-09T15:30:15","guid":{"rendered":"https:\/\/doctorsilverion.com\/product\/doctor-silver-ion-silver-ion-black-colour-unsichtbare-kurze-socken\/"},"modified":"2025-11-12T18:27:41","modified_gmt":"2025-11-12T15:27:41","slug":"doctor-silver-ion-silver-ion-black-colour-unsichtbare-kurze-socken","status":"publish","type":"product","link":"https:\/\/doctorsilverion.com\/de\/produkt\/doctor-silver-ion-silver-ion-black-colour-unsichtbare-kurze-socken\/","title":{"rendered":"Doctor Silver Ion Silver Ion Black Colour Unsichtbare kurze Socken"},"content":{"rendered":"<h3 data-start=\"0\" data-end=\"95\"><span style=\"color: #13739f;\"><strong data-start=\"4\" data-end=\"93\">DOCTOR SILVER ION &#8211; \u00dcBERLEGENER SCHUTZ DURCH DIE BIOPOLYMER-CHITIN-TECHNOLOGIE MIT SILBERIONEN<\/strong><\/span><\/h3>\n<p data-start=\"97\" data-end=\"363\"><strong data-start=\"97\" data-end=\"118\">Doctor Silver Ion<\/strong> bietet <strong data-start=\"187\" data-end=\"267\">innovative Socken mit antibakteriellen, antimykotischen und antiviralen Eigenschaften<\/strong>, die mit der <strong data-start=\"121\" data-end=\"167\">Silver Ion Biopolymer Kitin NP Technologie<\/strong> entwickelt wurden. Es bietet Komfort, Hygiene und Frische den ganzen Tag lang <strong data-start=\"275\" data-end=\"317\">mit seiner Bio-Baumwolle und Silber Garn Textur<\/strong>.<\/p>\n<h3 data-start=\"365\" data-end=\"416\"><span style=\"color: #13739f;\"><strong data-start=\"369\" data-end=\"414\">\u00dcberlegene Technologie und verbesserter Schutz<\/strong><\/span><\/h3>\n<ul>\n<li data-start=\"417\" data-end=\"794\">Dank der <strong data-start=\"419\" data-end=\"465\">Silberionen-Biopolymer Kitin NP Technologie<\/strong> bietet es eine <strong data-start=\"476\" data-end=\"579\">36-mal st\u00e4rkere Wirkung gegen Bakterien, 18-mal st\u00e4rker gegen Viren und 23-mal st\u00e4rker gegen Mikroorganismen<\/strong>.<\/li>\n<li data-start=\"417\" data-end=\"794\"><strong data-start=\"592\" data-end=\"671\">Es handelt sich um ein patentiertes innovatives Produkt, das mit Hilfe von TUBITAK-gepr\u00fcfter Forschung entwickelt wurde.<\/strong><\/li>\n<li data-start=\"417\" data-end=\"794\"><strong data-start=\"676\" data-end=\"713\">Vernichtet Bakterien im Moment des Kontakts<\/strong>, verhindert Geruchsbildung.<\/li>\n<li data-start=\"417\" data-end=\"794\"><strong data-start=\"744\" data-end=\"792\">Geeignet f\u00fcr empfindliche Haut, verursacht keine Allergie.<\/strong><\/li>\n<\/ul>\n<h3 data-start=\"801\" data-end=\"838\"><span style=\"color: #13739f;\"><strong data-start=\"805\" data-end=\"836\">Ganzt\u00e4giger Komfort und Hygiene<\/strong><\/span><\/h3>\n<ul>\n<li data-start=\"839\" data-end=\"1365\"><strong data-start=\"842\" data-end=\"859\">Geruchshemmend<\/strong>: Dank der antibakteriellen Struktur gibt es keine unangenehmen Ger\u00fcche mehr, die durch Schwitzen entstehen!<\/li>\n<li data-start=\"839\" data-end=\"1365\"><strong data-start=\"934\" data-end=\"954\">Atmungsaktive Weberei<\/strong>: <strong data-start=\"956\" data-end=\"982\">Das Mesh-System an der Sohle<\/strong> l\u00e4sst die F\u00fc\u00dfe atmen.<\/li>\n<li data-start=\"839\" data-end=\"1365\"><strong data-start=\"1022\" data-end=\"1046\">Weich und strapazierf\u00e4hig<\/strong>: <strong data-start=\"1048\" data-end=\"1079\">Die verst\u00e4rkte Zehennaht<\/strong> verhindert Unannehmlichkeiten und erh\u00f6ht den Komfort.<\/li>\n<li data-start=\"839\" data-end=\"1365\"><strong data-start=\"1132\" data-end=\"1152\">Temperaturstabilisierung<\/strong>: Die Verflechtung von Silber und Bio-Baumwolle <strong data-start=\"1185\" data-end=\"1238\">stabilisiert die Fu\u00dftemperatur und reduziert statische Elektrizit\u00e4t<\/strong>.<\/li>\n<li data-start=\"839\" data-end=\"1365\"><strong data-start=\"1245\" data-end=\"1269\">Lang anhaltende Verwendung<\/strong>: Mit <strong data-start=\"1271\" data-end=\"1312\">Silver Ion Biopolymer Chitin Solution<\/strong> <strong data-start=\"1330\" data-end=\"1363\">k\u00f6nnen Sie<\/strong> die Lebensdauer von Socken <strong data-start=\"1330\" data-end=\"1363\">bis zu 3 Mal verl\u00e4ngern<\/strong>!<\/li>\n<\/ul>\n<h3 data-start=\"1372\" data-end=\"1419\"><span style=\"color: #13739f;\"><strong data-start=\"1376\" data-end=\"1417\">Spezialdesign f\u00fcr Reisen &amp; Gesundheit<\/strong><\/span><\/h3>\n<ul>\n<li data-start=\"1420\" data-end=\"1693\"><strong data-start=\"1422\" data-end=\"1473\">Ideal f\u00fcr Flugreisen und lange Fahrten<\/strong><\/li>\n<li data-start=\"1420\" data-end=\"1693\"><strong data-start=\"1478\" data-end=\"1527\">Reguliert die Blutzirkulation, beugt Fu\u00dfschwellungen vor.<\/strong><\/li>\n<li data-start=\"1420\" data-end=\"1693\"><strong data-start=\"1532\" data-end=\"1620\">Geeignet f\u00fcr Diabetes-Patienten &#8211; Verhindert die Bildung von Fu\u00dfwunden aufgrund von Diabetes.<\/strong><\/li>\n<li data-start=\"1420\" data-end=\"1693\"><strong data-start=\"1625\" data-end=\"1691\">Es wird f\u00fcr Menschen mit \u00d6demen und Kreislaufproblemen empfohlen.<\/strong><\/li>\n<\/ul>\n<h3 data-start=\"1700\" data-end=\"1725\"><span style=\"color: #13739f;\"><strong data-start=\"1704\" data-end=\"1723\">Produkt Inhalt<\/strong><\/span><\/h3>\n<p data-start=\"1726\" data-end=\"1847\"><strong data-start=\"1728\" data-end=\"1794\">90% Bio-Baumwolle &amp; Silberionen Biopolymer Chitin NP Technologie<\/strong><br \/>\n<strong data-start=\"1799\" data-end=\"1817\">6% Silber-Garn<\/strong><br \/>\n<strong data-start=\"1822\" data-end=\"1845\">4% Chitin NP Elastan<\/strong><\/p>\n<h3 data-start=\"1854\" data-end=\"1896\"><span style=\"color: #13739f;\"><strong data-start=\"1858\" data-end=\"1894\">Pflege- und Gebrauchsanweisung<\/strong><\/span><\/h3>\n<ul>\n<li data-start=\"1897\" data-end=\"2206\"><strong data-start=\"1899\" data-end=\"1938\">Bei 30\u00b0C mit \u00e4hnlichen Farben waschen.<\/strong><\/li>\n<li data-start=\"1897\" data-end=\"2206\"><strong data-start=\"1943\" data-end=\"1990\">Verwenden Sie keine Bleichmittel oder scharfen Chemikalien.<\/strong><\/li>\n<li data-start=\"1897\" data-end=\"2206\"><strong data-start=\"1995\" data-end=\"2020\">Bei niedriger Hitze b\u00fcgeln.<\/strong><\/li>\n<li data-start=\"1897\" data-end=\"2206\"><strong data-start=\"2025\" data-end=\"2095\">F\u00fcr eine l\u00e4ngere Lebensdauer, auf links waschen und nat\u00fcrlich trocknen.<\/strong><\/li>\n<li data-start=\"1897\" data-end=\"2206\"><strong data-start=\"2100\" data-end=\"2204\">Sie k\u00f6nnen die Schutzzeit verl\u00e4ngern, indem Sie Ihre Socken mit Silberionen-Biopolymer-Chitin-L\u00f6sung unterst\u00fctzen.<\/strong><\/li>\n<\/ul>\n<p data-start=\"2213\" data-end=\"2372\"><strong data-start=\"2213\" data-end=\"2370\">Die Doctor Silver Ion Socks, die mit der von TUBITAK genehmigten und patentierten innovativen Technologie entwickelt wurden, sch\u00fctzen Ihre Gesundheit und bieten maximalen Komfort den ganzen Tag lang!<\/strong><\/p>\n<p data-start=\"2374\" data-end=\"2428\" data-is-last-node=\"\"><strong data-start=\"2377\" data-end=\"2428\" data-is-last-node=\"\">Bestellen Sie jetzt und lernen Sie \u00fcberlegenen Schutz kennen!<\/strong><\/p>\n","protected":false},"excerpt":{"rendered":"<p>DOCTOR SILVER ION &#8211; \u00dcBERLEGENER SCHUTZ DURCH DIE BIOPOLYMER-CHITIN-TECHNOLOGIE MIT SILBERIONEN Doctor Silver Ion bietet innovative Socken mit antibakteriellen, antimykotischen und antiviralen Eigenschaften, die mit der Silver Ion Biopolymer Kitin NP Technologie entwickelt wurden. Es bietet Komfort, Hygiene und Frische den ganzen Tag lang mit seiner Bio-Baumwolle und Silber Garn Textur. \u00dcberlegene Technologie und verbesserter [&#8230;]\n","protected":false},"featured_media":15773617,"comment_status":"open","ping_status":"closed","template":"","meta":[],"product_brand":[],"product_cat":[348],"product_tag":[],"class_list":{"0":"post-15774038","1":"product","2":"type-product","3":"status-publish","4":"has-post-thumbnail","6":"product_cat-gesundheit-medizin","8":"first","9":"instock","10":"sale","11":"taxable","12":"shipping-taxable","13":"product-type-variable"},"_links":{"self":[{"href":"https:\/\/doctorsilverion.com\/de\/wp-json\/wp\/v2\/product\/15774038","targetHints":{"allow":["GET"]}}],"collection":[{"href":"https:\/\/doctorsilverion.com\/de\/wp-json\/wp\/v2\/product"}],"about":[{"href":"https:\/\/doctorsilverion.com\/de\/wp-json\/wp\/v2\/types\/product"}],"replies":[{"embeddable":true,"href":"https:\/\/doctorsilverion.com\/de\/wp-json\/wp\/v2\/comments?post=15774038"}],"version-history":[{"count":2,"href":"https:\/\/doctorsilverion.com\/de\/wp-json\/wp\/v2\/product\/15774038\/revisions"}],"predecessor-version":[{"id":15774783,"href":"https:\/\/doctorsilverion.com\/de\/wp-json\/wp\/v2\/product\/15774038\/revisions\/15774783"}],"wp:featuredmedia":[{"embeddable":true,"href":"https:\/\/doctorsilverion.com\/de\/wp-json\/wp\/v2\/media\/15773617"}],"wp:attachment":[{"href":"https:\/\/doctorsilverion.com\/de\/wp-json\/wp\/v2\/media?parent=15774038"}],"wp:term":[{"taxonomy":"product_brand","embeddable":true,"href":"https:\/\/doctorsilverion.com\/de\/wp-json\/wp\/v2\/product_brand?post=15774038"},{"taxonomy":"product_cat","embeddable":true,"href":"https:\/\/doctorsilverion.com\/de\/wp-json\/wp\/v2\/product_cat?post=15774038"},{"taxonomy":"product_tag","embeddable":true,"href":"https:\/\/doctorsilverion.com\/de\/wp-json\/wp\/v2\/product_tag?post=15774038"}],"curies":[{"name":"wp","href":"https:\/\/api.w.org\/{rel}","templated":true}]}}