{"id":15774026,"date":"2025-10-09T18:30:16","date_gmt":"2025-10-09T15:30:16","guid":{"rendered":"https:\/\/doctorsilverion.com\/product\/doctor-silver-ion-desinfektionsmittel-koelnisch-wasser-100-ml\/"},"modified":"2025-11-12T18:24:24","modified_gmt":"2025-11-12T15:24:24","slug":"doctor-silver-ion-desinfektionsmittel-koelnisch-wasser-100-ml","status":"publish","type":"product","link":"https:\/\/doctorsilverion.com\/de\/produkt\/doctor-silver-ion-desinfektionsmittel-koelnisch-wasser-100-ml\/","title":{"rendered":"Doctor Silver Ion Desinfektionsmittel K\u00f6lnisch Wasser 100 ml"},"content":{"rendered":"<h3 data-start=\"0\" data-end=\"67\"><span style=\"color: #13739f;\"><strong data-start=\"0\" data-end=\"65\">STARKER ANTIVIRALER UND ANTIBAKTERIELLER SCHUTZ<\/strong><\/span><\/h3>\n<p data-start=\"69\" data-end=\"417\"><strong>Ion Liquid Barrier<\/strong> ist ein leistungsstarkes <strong data-start=\"167\" data-end=\"213\">antivirales und antibakterielles Desinfektionsmittel<\/strong>, das mit der Silberionen- und Biopolymer-Chitin-Technologie entwickelt wurde. Silberionen in Nanogr\u00f6\u00dfe zerst\u00f6ren und neutralisieren die Membranen von Bakterien und Viren, w\u00e4hrend biopolymeres Chitin eine Schutzbarriere auf der Haut bildet und die Widerstandsf\u00e4higkeit gegen\u00fcber Mikroorganismen erh\u00f6ht.<\/p>\n<p data-start=\"419\" data-end=\"555\">Dank dieser innovativen Formel bietet <strong data-start=\"450\" data-end=\"472\">Ion Liquid Barrier<\/strong> einen wirksamen und lang anhaltenden Schutz gegen eine Vielzahl von Mikroorganismen.<\/p>\n<h3 data-start=\"557\" data-end=\"592\"><span style=\"color: #13739f;\"><strong data-start=\"561\" data-end=\"590\">Merkmale und Vorteile:<\/strong><\/span><\/h3>\n<ul>\n<li><strong data-start=\"595\" data-end=\"656\">Bietet 99,99 % Schutz gegen Bakterien und Viren.<\/strong><\/li>\n<li><strong data-start=\"661\" data-end=\"699\">Bietet bis zu 3 Stunden wirksamen Schutz.<\/strong><\/li>\n<li>Dank <strong data-start=\"704\" data-end=\"726\">seiner hautfreundlichen Formel<\/strong> verursacht es keine Reizungen und <strong data-start=\"760\" data-end=\"782\">bewahrt das pH-Gleichgewicht<\/strong>.<\/li>\n<li>Es sind <strong data-start=\"788\" data-end=\"840\">alkoholische (80 % Ethylalkohol) und alkoholfreie Varianten<\/strong> erh\u00e4ltlich.<\/li>\n<li>Es bietet eine frische Anwendung mit <strong data-start=\"856\" data-end=\"880\">Bio-Zitronenessenz<\/strong> (alkoholische Version).<\/li>\n<li>Es <strong data-start=\"934\" data-end=\"967\">ist f\u00fcr den t\u00e4glichen Gebrauch geeignet<\/strong> und kann sicher zu Hause, im B\u00fcro, im Auto und in \u00f6ffentlichen Verkehrsmitteln verwendet werden.<\/li>\n<\/ul>\n<h3 data-start=\"1040\" data-end=\"1065\"><span style=\"color: #13739f;\"><strong data-start=\"1044\" data-end=\"1063\">Produkttypen:<\/strong><\/span><\/h3>\n<ul data-start=\"1066\" data-end=\"1289\">\n<li data-start=\"1066\" data-end=\"1126\">Erh\u00e4ltlich in den Gr\u00f6\u00dfen <strong data-start=\"1068\" data-end=\"1096\">50 ml, 100 ml und 1000 ml<\/strong>.<\/li>\n<li data-start=\"1127\" data-end=\"1194\">Es ist TSE-zugelassen und wird mit Nanopartikeltechnologie hergestellt.<\/li>\n<li data-start=\"1195\" data-end=\"1289\">Es wurde in akkreditierten Laboratorien auf der ganzen Welt getestet und mit den besten Noten ausgezeichnet.<\/li>\n<\/ul>\n<h3 data-start=\"1291\" data-end=\"1322\"><span style=\"color: #13739f;\"><strong data-start=\"1295\" data-end=\"1320\">Gebrauchsanweisung:<\/strong><\/span><\/h3>\n<ul data-start=\"1323\" data-end=\"1528\">\n<li data-start=\"1323\" data-end=\"1400\">Nehmen Sie eine ausreichende Menge des Produkts in Ihre H\u00e4nde und verteilen Sie es gleichm\u00e4\u00dfig auf der gesamten Oberfl\u00e4che.<\/li>\n<li data-start=\"1401\" data-end=\"1463\">Warten Sie, bis es getrocknet ist, damit es in Ihre Haut eindringen kann.<\/li>\n<li data-start=\"1464\" data-end=\"1528\">Geeignet f\u00fcr den t\u00e4glichen Gebrauch, kann bei Bedarf wiederholt werden.<\/li>\n<\/ul>\n<h3 data-start=\"1530\" data-end=\"1549\"><span style=\"color: #13739f;\"><strong data-start=\"1534\" data-end=\"1547\">Warnungen:<\/strong><\/span><\/h3>\n<ul>\n<li>Vermeiden Sie den Kontakt mit den Augen.<\/li>\n<li>Nicht verschlucken.<\/li>\n<li>Verwenden Sie keine besch\u00e4digten oder verdorbenen Produkte.<\/li>\n<\/ul>\n<h3 data-start=\"1666\" data-end=\"1694\"><span style=\"color: #13739f;\"><strong data-start=\"1670\" data-end=\"1692\">Lagerungsbedingungen:<\/strong><\/span><\/h3>\n<p data-start=\"1695\" data-end=\"1799\">An einem k\u00fchlen und trockenen Ort aufbewahren.<br data-start=\"1737\" data-end=\"1740\" \/>Au\u00dferhalb der Reichweite von Kindern aufbewahren.<\/p>\n<p data-start=\"1801\" data-end=\"1864\" data-is-last-node=\"\">Bringen Sie Ihre Hygiene auf das h\u00f6chste Niveau mit Ion Liquid Barrier!<\/p>\n","protected":false},"excerpt":{"rendered":"<p>STARKER ANTIVIRALER UND ANTIBAKTERIELLER SCHUTZ Ion Liquid Barrier ist ein leistungsstarkes antivirales und antibakterielles Desinfektionsmittel, das mit der Silberionen- und Biopolymer-Chitin-Technologie entwickelt wurde. Silberionen in Nanogr\u00f6\u00dfe zerst\u00f6ren und neutralisieren die Membranen von Bakterien und Viren, w\u00e4hrend biopolymeres Chitin eine Schutzbarriere auf der Haut bildet und die Widerstandsf\u00e4higkeit gegen\u00fcber Mikroorganismen erh\u00f6ht. Dank dieser innovativen Formel bietet [&#8230;]\n","protected":false},"featured_media":15774437,"comment_status":"open","ping_status":"closed","template":"","meta":[],"product_brand":[],"product_cat":[348],"product_tag":[],"class_list":{"0":"post-15774026","1":"product","2":"type-product","3":"status-publish","4":"has-post-thumbnail","6":"product_cat-gesundheit-medizin","8":"first","9":"instock","10":"sale","11":"taxable","12":"shipping-taxable","13":"purchasable","14":"product-type-simple"},"_links":{"self":[{"href":"https:\/\/doctorsilverion.com\/de\/wp-json\/wp\/v2\/product\/15774026","targetHints":{"allow":["GET"]}}],"collection":[{"href":"https:\/\/doctorsilverion.com\/de\/wp-json\/wp\/v2\/product"}],"about":[{"href":"https:\/\/doctorsilverion.com\/de\/wp-json\/wp\/v2\/types\/product"}],"replies":[{"embeddable":true,"href":"https:\/\/doctorsilverion.com\/de\/wp-json\/wp\/v2\/comments?post=15774026"}],"version-history":[{"count":2,"href":"https:\/\/doctorsilverion.com\/de\/wp-json\/wp\/v2\/product\/15774026\/revisions"}],"predecessor-version":[{"id":15774782,"href":"https:\/\/doctorsilverion.com\/de\/wp-json\/wp\/v2\/product\/15774026\/revisions\/15774782"}],"wp:featuredmedia":[{"embeddable":true,"href":"https:\/\/doctorsilverion.com\/de\/wp-json\/wp\/v2\/media\/15774437"}],"wp:attachment":[{"href":"https:\/\/doctorsilverion.com\/de\/wp-json\/wp\/v2\/media?parent=15774026"}],"wp:term":[{"taxonomy":"product_brand","embeddable":true,"href":"https:\/\/doctorsilverion.com\/de\/wp-json\/wp\/v2\/product_brand?post=15774026"},{"taxonomy":"product_cat","embeddable":true,"href":"https:\/\/doctorsilverion.com\/de\/wp-json\/wp\/v2\/product_cat?post=15774026"},{"taxonomy":"product_tag","embeddable":true,"href":"https:\/\/doctorsilverion.com\/de\/wp-json\/wp\/v2\/product_tag?post=15774026"}],"curies":[{"name":"wp","href":"https:\/\/api.w.org\/{rel}","templated":true}]}}