{"id":15774024,"date":"2025-10-09T18:30:17","date_gmt":"2025-10-09T15:30:17","guid":{"rendered":"https:\/\/doctorsilverion.com\/product\/doktor-silber-ion-hippokrates-maske-10-stueck-erwachsene-maske\/"},"modified":"2025-11-12T18:19:26","modified_gmt":"2025-11-12T15:19:26","slug":"doktor-silber-ion-hippokrates-maske-10-stueck-erwachsene-maske","status":"publish","type":"product","link":"https:\/\/doctorsilverion.com\/de\/produkt\/doktor-silber-ion-hippokrates-maske-10-stueck-erwachsene-maske\/","title":{"rendered":"Doktor Silber Ion Hippokrates Maske 10 St\u00fcck Erwachsene Maske"},"content":{"rendered":"<h3 data-start=\"0\" data-end=\"64\"><span style=\"color: #13739f;\"><strong data-start=\"4\" data-end=\"62\">SILVERIONMASK HIPPOCRATES &#8211; NEUE TECHNOLOGIE, \u00dcBERLEGENER SCHUTZ!<\/strong><\/span><\/h3>\n<p data-start=\"66\" data-end=\"261\"><span style=\"color: #000000;\">HipokratMask bietet dank der neuen Verpackung und der verst\u00e4rkten Formel, der <strong data-start=\"128\" data-end=\"146\"> 23% dickeren<\/strong>, <strong data-start=\"148\" data-end=\"174\">doppelten Meltblown-Schicht<\/strong> und den fortschrittlichen Komponenten einen <strong data-start=\"209\" data-end=\"251\">zus\u00e4tzlichen Schutz gegen die Omicron-Variante<\/strong>.<\/span><\/p>\n<p><span style=\"color: #000000;\"><span style=\"color: #13739f;\"><strong>Innovative Inhalte und Technologien:<\/strong><\/span><strong data-start=\"305\" data-end=\"328\"><br \/>\n<\/strong><\/span><\/p>\n<ul>\n<li><span style=\"color: #000000;\"><strong data-start=\"305\" data-end=\"328\">Silberionen (0,1nm):<\/strong> Bietet antibakterielle und antivirale Eigenschaften.<\/span><\/li>\n<li><span style=\"color: #000000;\"><strong data-start=\"377\" data-end=\"411\">Vitamin B12 + Vitamin Zink:<\/strong> Bietet eine hautfreundliche und immununterst\u00fctzende Wirkung.<\/span><\/li>\n<li><span style=\"color: #000000;\"><strong data-start=\"469\" data-end=\"491\">Biopolymer Chitin:<\/strong> Sorgt f\u00fcr langfristige Hygiene und Schutz.<\/span><\/li>\n<\/ul>\n<p data-start=\"532\" data-end=\"759\"><span style=\"color: #13739f;\"><strong>Schutz vor Produktf\u00e4lschungen:<\/strong><\/span><br \/>\n<span style=\"color: #000000;\">Silverionmask Hippocrates wurde mit einem neuen Verpackungsdesign auf den Markt gebracht <strong data-start=\"595\" data-end=\"657\">, um Opfer von Produktf\u00e4lschungen zu verhindern<\/strong>. <strong data-start=\"706\" data-end=\"757\">Sie k\u00f6nnen Ihr Originalprodukt mit Vertrauen erhalten!<\/strong><\/span><\/p>\n<p><span style=\"color: #13739f;\"><strong data-start=\"764\" data-end=\"800\">Fortschrittliche Filtrationstechnologie:<\/strong><\/span><\/p>\n<ul>\n<li><span style=\"color: #000000;\"><strong data-start=\"855\" data-end=\"898\">Meltblown-Filter mit 3-Elektronen-Technologie<\/strong>, entwickelt im Rahmen des <strong data-start=\"805\" data-end=\"830\">T\u00dcB\u0130TAK-F&amp;E-Projekts<\/strong><\/span><\/li>\n<li><span style=\"color: #000000;\">Bietet <strong data-start=\"930\" data-end=\"974\">99,99% Filtration f\u00fcr 5 Tage<\/strong> mit <strong data-start=\"903\" data-end=\"925\">Bioflement-Beschichtung<\/strong>.<\/span><\/li>\n<li><span style=\"color: #000000;\"><strong data-start=\"987\" data-end=\"1011\">4+4=8 Schichten Design:<br \/>\n<\/strong>2 Schichten Meltblown<\/span><br \/>\n<span style=\"color: #000000;\">2 Schichten Spunbond<\/span><\/li>\n<li><span style=\"color: #000000;\"><strong data-start=\"1061\" data-end=\"1084\">Patentierte Technologie:<\/strong> Zugelassen von TUBITAK.<\/span><\/li>\n<\/ul>\n<p data-start=\"1118\" data-end=\"1141\"><span style=\"color: #13739f;\"><strong data-start=\"1118\" data-end=\"1139\">Paketinhalt:<\/strong><\/span><\/p>\n<ul data-start=\"1142\" data-end=\"1192\">\n<li data-start=\"1142\" data-end=\"1192\"><span style=\"color: #000000;\"><strong data-start=\"1144\" data-end=\"1165\">1 Packung = 10<\/strong> Masken f\u00fcr Erwachsene.<\/span><\/li>\n<\/ul>\n<p data-start=\"1194\" data-end=\"1340\"><span style=\"color: #000000;\"><strong data-start=\"1194\" data-end=\"1217\">Eine Weltneuheit!<\/strong><\/span><br \/>\n<span style=\"color: #000000;\"><strong data-start=\"1223\" data-end=\"1249\">Silverionmask Hippocrates<\/strong> ist <strong data-start=\"1251\" data-end=\"1312\">die erste Maske, die Viren, Coronaviren und Bakterien abt\u00f6tet<\/strong>!<\/span><\/p>\n<p data-start=\"1342\" data-end=\"1457\"><span style=\"color: #000000;\"><strong data-start=\"1345\" data-end=\"1380\">Maximaler Schutz, hoher Komfort!<\/strong><\/span><br \/>\n<span style=\"color: #000000;\">Bleiben Sie sicher mit der <strong data-start=\"1419\" data-end=\"1436\">Hipokrat Maske<\/strong>, die Ihre Gesundheit auf h\u00f6chstem Niveau sch\u00fctzt!<\/span><\/p>\n<p data-start=\"1459\" data-end=\"1532\" data-is-last-node=\"\"><span style=\"color: #000000;\"><strong data-start=\"1462\" data-end=\"1532\" data-is-last-node=\"\">Kontaktieren Sie uns, um unser Originalprodukt zu kaufen.<\/strong><\/span><\/p>\n","protected":false},"excerpt":{"rendered":"<p>SILVERIONMASK HIPPOCRATES &#8211; NEUE TECHNOLOGIE, \u00dcBERLEGENER SCHUTZ! HipokratMask bietet dank der neuen Verpackung und der verst\u00e4rkten Formel, der 23% dickeren, doppelten Meltblown-Schicht und den fortschrittlichen Komponenten einen zus\u00e4tzlichen Schutz gegen die Omicron-Variante. Innovative Inhalte und Technologien: Silberionen (0,1nm): Bietet antibakterielle und antivirale Eigenschaften. Vitamin B12 + Vitamin Zink: Bietet eine hautfreundliche und immununterst\u00fctzende Wirkung. Biopolymer [&#8230;]\n","protected":false},"featured_media":15773585,"comment_status":"open","ping_status":"closed","template":"","meta":[],"product_brand":[],"product_cat":[348],"product_tag":[],"class_list":{"0":"post-15774024","1":"product","2":"type-product","3":"status-publish","4":"has-post-thumbnail","6":"product_cat-gesundheit-medizin","8":"first","9":"outofstock","10":"sale","11":"taxable","12":"shipping-taxable","13":"purchasable","14":"product-type-simple"},"_links":{"self":[{"href":"https:\/\/doctorsilverion.com\/de\/wp-json\/wp\/v2\/product\/15774024","targetHints":{"allow":["GET"]}}],"collection":[{"href":"https:\/\/doctorsilverion.com\/de\/wp-json\/wp\/v2\/product"}],"about":[{"href":"https:\/\/doctorsilverion.com\/de\/wp-json\/wp\/v2\/types\/product"}],"replies":[{"embeddable":true,"href":"https:\/\/doctorsilverion.com\/de\/wp-json\/wp\/v2\/comments?post=15774024"}],"version-history":[{"count":2,"href":"https:\/\/doctorsilverion.com\/de\/wp-json\/wp\/v2\/product\/15774024\/revisions"}],"predecessor-version":[{"id":15774778,"href":"https:\/\/doctorsilverion.com\/de\/wp-json\/wp\/v2\/product\/15774024\/revisions\/15774778"}],"wp:featuredmedia":[{"embeddable":true,"href":"https:\/\/doctorsilverion.com\/de\/wp-json\/wp\/v2\/media\/15773585"}],"wp:attachment":[{"href":"https:\/\/doctorsilverion.com\/de\/wp-json\/wp\/v2\/media?parent=15774024"}],"wp:term":[{"taxonomy":"product_brand","embeddable":true,"href":"https:\/\/doctorsilverion.com\/de\/wp-json\/wp\/v2\/product_brand?post=15774024"},{"taxonomy":"product_cat","embeddable":true,"href":"https:\/\/doctorsilverion.com\/de\/wp-json\/wp\/v2\/product_cat?post=15774024"},{"taxonomy":"product_tag","embeddable":true,"href":"https:\/\/doctorsilverion.com\/de\/wp-json\/wp\/v2\/product_tag?post=15774024"}],"curies":[{"name":"wp","href":"https:\/\/api.w.org\/{rel}","templated":true}]}}