{"id":15774022,"date":"2025-10-09T19:33:26","date_gmt":"2025-10-09T16:33:26","guid":{"rendered":"https:\/\/doctorsilverion.com\/product\/make-up-entfernungstuecher\/"},"modified":"2025-11-12T18:15:56","modified_gmt":"2025-11-12T15:15:56","slug":"make-up-entfernungstuecher","status":"publish","type":"product","link":"https:\/\/doctorsilverion.com\/de\/produkt\/make-up-entfernungstuecher\/","title":{"rendered":"Make-up-Entfernungst\u00fccher"},"content":{"rendered":"<p><span style=\"color: #13739f;\"><strong><span style=\"vertical-align: inherit;\"><span style=\"vertical-align: inherit;\">BITTE LESEN SIE DIE BESCHREIBUNG.<\/span><\/span><\/strong><\/span><\/p>\n<pre><strong><span style=\"vertical-align: inherit;\"><span style=\"vertical-align: inherit;\">\u00dcr\u00fcnlerimiz sipari\u015f \u00fczerine \u00fcretilir ve her partinin tazeli\u011fi ve kalitesi sa\u011flan\u0131r. Ayr\u0131ca \u00fcr\u00fcnlerinizi kendinize \u00f6zel olarak ki\u015fiselle\u015ftirme ve markala\u015ft\u0131rman\u0131za olanak sa\u011flayan \u00f6zel etiket f\u0131rsatlar\u0131 da sunuyoruz. Fiyatlar g\u00f6sterge niteli\u011findedir ve ki\u015fiselle\u015ftirme ve sipari\u015f hacmine g\u00f6re de\u011fi\u015febilir. Toplu sipari\u015fler ve di\u011fer da\u011f\u0131t\u0131mlar i\u00e7in l\u00fctfen bizimle ileti\u015fime ge\u00e7in.<\/span><\/span><\/strong><\/pre>\n<pre><\/pre>\n<h3><strong><span style=\"color: #13739f;\"><span style=\"vertical-align: inherit;\"><span style=\"vertical-align: inherit;\">VORTEILE UND MERKMALE<\/span><\/span><\/span><\/strong><\/h3>\n<div><\/div>\n<div><span style=\"vertical-align: inherit;\"><span style=\"vertical-align: inherit;\">Unsere speziell entwickelten Make-up-Entfernungst\u00fccher sind eine sanfte, aber dennoch effektive L\u00f6sung zum Entfernen von Make-up, die gleichzeitig pflegt und sch\u00fctzt.<\/span><\/span><\/div>\n<div><\/div>\n<div><strong><span style=\"vertical-align: inherit;\"><span style=\"vertical-align: inherit;\">Reinigt das Make-up gr\u00fcndlich:<\/span><\/span><\/strong><span style=\"vertical-align: inherit;\"><span style=\"vertical-align: inherit;\"> Sorgt f\u00fcr ein sauberes und erfrischtes Gef\u00fchl nach der Make-up-Entfernung, da Silberionen helfen, Hautprobleme zu beseitigen. Kann f\u00fcr hartn\u00e4ckiges und wasserfestes Make-up sorgen. <\/span><\/span><\/div>\n<div><\/div>\n<div><strong><span style=\"vertical-align: inherit;\"><span style=\"vertical-align: inherit;\">Beruhigt und sch\u00fctzt die Haut:<\/span><\/span><\/strong><span style=\"vertical-align: inherit;\"><span style=\"vertical-align: inherit;\">Die Bildung einer Schutzschicht auf der Haut von Biopolymer Kitin minimiert Irritationen und verhindert R\u00f6tungen, die durch den K\u00f6rper beim Abschminken verursacht werden.<\/span><\/span><\/div>\n<div><\/div>\n<div><strong><span style=\"vertical-align: inherit;\"><span style=\"vertical-align: inherit;\">Spendet Feuchtigkeit und macht sie geschmeidig:<\/span><\/span><\/strong><span style=\"vertical-align: inherit;\"><span style=\"vertical-align: inherit;\">Angereichert mit Aloe Vera und Vitaminen erhalten die T\u00fccher die nat\u00fcrliche Feuchtigkeitsbalance der R\u00fcckst\u00e4nde und machen sie nach der Anwendung feucht, weich und geschmeidig.<\/span><\/span><\/div>\n<div><\/div>\n<div><strong><span style=\"vertical-align: inherit;\"><span style=\"vertical-align: inherit;\">Entz\u00fcndungshemmende Wirkung:<\/span><\/span><\/strong><span style=\"vertical-align: inherit;\"><span style=\"vertical-align: inherit;\">Der Papaya-Extrakt hilft, entz\u00fcndete oder empfindliche Stellen zu beruhigen und sorgt f\u00fcr ein beruhigendes Erlebnis w\u00e4hrend der Reinigung.<\/span><\/span><\/div>\n<div><\/div>\n<div><strong><span style=\"vertical-align: inherit;\"><span style=\"vertical-align: inherit;\">Hygienisch und zweckm\u00e4\u00dfig:<\/span><\/span><\/strong><span style=\"vertical-align: inherit;\"><span style=\"vertical-align: inherit;\">Der Gehalt an ozonangereichertem, gereinigtem Wasser gew\u00e4hrleistet eine sichere und hygienische Reinigung, so dass diese T\u00fccher f\u00fcr den t\u00e4glichen Gebrauch geeignet sind, ohne dass sie ausgesp\u00fclt werden m\u00fcssen.<\/span><\/span><\/div>\n<div><\/div>\n<div><strong><span style=\"vertical-align: inherit;\"><span style=\"vertical-align: inherit;\">Sichere und sanfte Inhaltsstoffe:<\/span><\/span><\/strong><span style=\"vertical-align: inherit;\"><span style=\"vertical-align: inherit;\">Alkohol, Parabene, SLS und SLES T\u00fccher sind dermatologisch getestet und sicher f\u00fcr die Verwendung auf empfindlicher Haut.<\/span><\/span><\/div>\n<div><\/div>\n<div><strong><span style=\"vertical-align: inherit;\"><span style=\"vertical-align: inherit;\">Sch\u00fctzt vor \u00e4u\u00dferen Einfl\u00fcssen:<\/span><\/span><\/strong><span style=\"vertical-align: inherit;\"><span style=\"vertical-align: inherit;\">Die Barrierewirkung des Biopolymer-Kits sch\u00fctzt die Haut nach der Reinigung vor Ablagerungen.<\/span><\/span><\/div>\n<div><\/div>\n<div><strong><span style=\"vertical-align: inherit;\"><span style=\"vertical-align: inherit;\">Tragbar und einfach zu verwenden:<\/span><\/span><\/strong><span style=\"vertical-align: inherit;\"><span style=\"vertical-align: inherit;\">Die T\u00fccher sind ideal f\u00fcr Reisen oder zum Auffrischen unterwegs und werden in einer kompakten, wiederverschlie\u00dfbaren Verpackung geliefert, um Frische und Feuchtigkeit zu bewahren.<\/span><\/span><\/div>\n<div><\/div>\n<h3><strong><span style=\"color: #13739f;\"><span style=\"vertical-align: inherit;\"><span style=\"vertical-align: inherit;\">ANWENDUNGSWEISE.<\/span><\/span><\/span><\/strong><\/h3>\n<div><\/div>\n<div><span style=\"vertical-align: inherit;\"><span style=\"vertical-align: inherit;\">1. Waschen Sie Ihre H\u00e4nde, bevor Sie die T\u00fccher benutzen.<\/span><\/span><\/div>\n<div><span style=\"vertical-align: inherit;\"><span style=\"vertical-align: inherit;\">2. Nehmen Sie ein Taschentuch und reinigen Sie Ihr Gesicht, wobei Sie sich auf die geschminkten Stellen konzentrieren. Verwenden Sie separate T\u00fccher f\u00fcr Augen, Lippen und Gesicht zur Hand. <\/span><\/span><\/div>\n<div><span style=\"vertical-align: inherit;\"><span style=\"vertical-align: inherit;\">3. Nicht stark reiben, sondern den Wisch \u00fcber den R\u00fcckstand untersuchen.<\/span><\/span><\/div>\n<div><span style=\"vertical-align: inherit;\"><span style=\"vertical-align: inherit;\">4. Gebrauchte T\u00fccher entsorgen; in anderen Bereichen wiederverwenden.<\/span><\/span><\/div>\n<div><span style=\"vertical-align: inherit;\"><span style=\"vertical-align: inherit;\">5. Zur zus\u00e4tzlichen Pflege eine Gesichtsreinigung oder Feuchtigkeitscreme verwenden.<\/span><\/span><\/div>\n<div><\/div>\n<h3><span style=\"color: #13739f;\"><strong><span style=\"vertical-align: inherit;\"><span style=\"vertical-align: inherit;\">WER KANN UNSERE PRODUKTE VERWENDEN?<\/span><\/span><\/strong><\/span><\/h3>\n<div><\/div>\n<div><span style=\"vertical-align: inherit;\"><span style=\"vertical-align: inherit;\">1. Geeignet f\u00fcr Sch\u00fcler und Studenten mit allen Hauttypen, auch mit empfindlicher Haut.<\/span><\/span><\/div>\n<div><span style=\"vertical-align: inherit;\"><span style=\"vertical-align: inherit;\">2. Ideal f\u00fcr alle, die starkes oder wasserfestes Make-up tragen.<\/span><\/span><\/div>\n<div><span style=\"vertical-align: inherit;\"><span style=\"vertical-align: inherit;\">3. Kann auf Reisen, im Alltag oder zum schnellen Auffrischen verwendet werden.<\/span><\/span><\/div>\n<div><\/div>\n<h3><strong><span style=\"color: #13739f;\"><span style=\"vertical-align: inherit;\"><span style=\"vertical-align: inherit;\">WORAUF IST ZU ACHTEN?<\/span><\/span><\/span><\/strong><\/h3>\n<div><\/div>\n<div><span style=\"vertical-align: inherit;\"><span style=\"vertical-align: inherit;\">1. Verwenden Sie T\u00fccher mit besch\u00e4digter Verpackung.<\/span><\/span><\/div>\n<div><span style=\"vertical-align: inherit;\"><span style=\"vertical-align: inherit;\">2. Direkten Kontakt mit den Augen vermeiden. Bei Kontakt gr\u00fcndlich mit Wasser aussp\u00fclen. <\/span><\/span><\/div>\n<div><span style=\"vertical-align: inherit;\"><span style=\"vertical-align: inherit;\">3. Auf verletzter oder gereizter Haut anwenden.<\/span><\/span><\/div>\n<div><span style=\"vertical-align: inherit;\"><span style=\"vertical-align: inherit;\">4. F\u00fcr Menschen mit bekannten Hautallergien, vor der Anwendung an einer kleinen Stelle testen.<\/span><\/span><\/div>\n<div><span style=\"vertical-align: inherit;\"><span style=\"vertical-align: inherit;\">5. Die T\u00fccher nach dem Gebrauch geschlossen halten, um ein Austrocknen zu verhindern.<\/span><\/span><\/div>\n<div><span style=\"vertical-align: inherit;\"><span style=\"vertical-align: inherit;\">6. Bewahren Sie die Informationen an einem k\u00fchlen, trockenen Ort und au\u00dferhalb der Reichweite von Kindern auf.<\/span><\/span><\/div>\n<p>&nbsp;<\/p>\n","protected":false},"excerpt":{"rendered":"<p>BITTE LESEN SIE DIE BESCHREIBUNG. \u00dcr\u00fcnlerimiz sipari\u015f \u00fczerine \u00fcretilir ve her partinin tazeli\u011fi ve kalitesi sa\u011flan\u0131r. Ayr\u0131ca \u00fcr\u00fcnlerinizi kendinize \u00f6zel olarak ki\u015fiselle\u015ftirme ve markala\u015ft\u0131rman\u0131za olanak sa\u011flayan \u00f6zel etiket f\u0131rsatlar\u0131 da sunuyoruz. Fiyatlar g\u00f6sterge niteli\u011findedir ve ki\u015fiselle\u015ftirme ve sipari\u015f hacmine g\u00f6re de\u011fi\u015febilir. Toplu sipari\u015fler ve di\u011fer da\u011f\u0131t\u0131mlar i\u00e7in l\u00fctfen bizimle ileti\u015fime ge\u00e7in. VORTEILE UND MERKMALE Unsere [&#8230;]\n","protected":false},"featured_media":15773219,"comment_status":"open","ping_status":"closed","template":"","meta":[],"product_brand":[],"product_cat":[352],"product_tag":[],"class_list":{"0":"post-15774022","1":"product","2":"type-product","3":"status-publish","4":"has-post-thumbnail","6":"product_cat-schonheit-kosmetik","8":"first","9":"outofstock","10":"sale","11":"taxable","12":"shipping-taxable","13":"purchasable","14":"product-type-simple"},"_links":{"self":[{"href":"https:\/\/doctorsilverion.com\/de\/wp-json\/wp\/v2\/product\/15774022","targetHints":{"allow":["GET"]}}],"collection":[{"href":"https:\/\/doctorsilverion.com\/de\/wp-json\/wp\/v2\/product"}],"about":[{"href":"https:\/\/doctorsilverion.com\/de\/wp-json\/wp\/v2\/types\/product"}],"replies":[{"embeddable":true,"href":"https:\/\/doctorsilverion.com\/de\/wp-json\/wp\/v2\/comments?post=15774022"}],"version-history":[{"count":1,"href":"https:\/\/doctorsilverion.com\/de\/wp-json\/wp\/v2\/product\/15774022\/revisions"}],"predecessor-version":[{"id":15774232,"href":"https:\/\/doctorsilverion.com\/de\/wp-json\/wp\/v2\/product\/15774022\/revisions\/15774232"}],"wp:featuredmedia":[{"embeddable":true,"href":"https:\/\/doctorsilverion.com\/de\/wp-json\/wp\/v2\/media\/15773219"}],"wp:attachment":[{"href":"https:\/\/doctorsilverion.com\/de\/wp-json\/wp\/v2\/media?parent=15774022"}],"wp:term":[{"taxonomy":"product_brand","embeddable":true,"href":"https:\/\/doctorsilverion.com\/de\/wp-json\/wp\/v2\/product_brand?post=15774022"},{"taxonomy":"product_cat","embeddable":true,"href":"https:\/\/doctorsilverion.com\/de\/wp-json\/wp\/v2\/product_cat?post=15774022"},{"taxonomy":"product_tag","embeddable":true,"href":"https:\/\/doctorsilverion.com\/de\/wp-json\/wp\/v2\/product_tag?post=15774022"}],"curies":[{"name":"wp","href":"https:\/\/api.w.org\/{rel}","templated":true}]}}