{"id":15774020,"date":"2025-10-09T18:30:17","date_gmt":"2025-10-09T15:30:17","guid":{"rendered":"https:\/\/doctorsilverion.com\/product\/augen-reinigungstuecher\/"},"modified":"2025-11-12T18:21:42","modified_gmt":"2025-11-12T15:21:42","slug":"augen-reinigungstuecher","status":"publish","type":"product","link":"https:\/\/doctorsilverion.com\/de\/produkt\/augen-reinigungstuecher\/","title":{"rendered":"Augen-Reinigungst\u00fccher"},"content":{"rendered":"<p><span style=\"color: #13739f;\"><strong>BITTE LESEN SIE DIE BESCHREIBUNG.<\/strong><\/span><\/p>\n<pre><strong>\u00dcr\u00fcnlerimiz sipari\u015f \u00fczerine \u00fcretilir ve her partide tazelik ve kalite sa\u011flar. Ayr\u0131ca, \u00fcr\u00fcnlerimizi kendinize \u00f6zg\u00fc olarak \u00f6zelle\u015ftirmenize ve markala\u015ft\u0131rman\u0131za olanak tan\u0131yan \u00f6zel etiket f\u0131rsatlar\u0131 da sunuyoruz. Fiyatlar g\u00f6sterge niteli\u011findedir ve \u00f6zelle\u015ftirme ve sipari\u015f hacmine g\u00f6re de\u011fi\u015febilir. Toplu sipari\u015fler ve di\u011fer sorular\u0131n\u0131z i\u00e7in l\u00fctfen bizimle ileti\u015fime ge\u00e7mekten \u00e7ekinmeyin.<\/strong><\/pre>\n<h3><strong><span style=\"color: #13739f;\">VORTEILE UND MERKMALE<\/span><\/strong><\/h3>\n<div><span style=\"color: #282828;\">Unsere Augenreinigungst\u00fccher wurden speziell f\u00fcr die sanfte, aber effektive Reinigung der empfindlichen Augenpartie entwickelt. Dieses Produkt ist mit sorgf\u00e4ltig ausgew\u00e4hlten Inhaltsstoffen angereichert, um Sicherheit, Hygiene und Komfort zu gew\u00e4hrleisten. <\/span><\/div>\n<div><\/div>\n<div><span style=\"color: #282828;\"><strong>F\u00f6rdert die Augenhygiene:<\/strong> Silberionen zielen auf die Bakterien im Augenbereich ab und reduzieren sie, um die Sauberkeit zu erhalten und Infektionen wie Blepharitis oder Stye zu verhindern.<\/span><\/div>\n<div><\/div>\n<div><span style=\"color: #282828;\"><strong>Lindert Irritationen:<\/strong> Das Biopolymer Chitin bildet eine Schutzschicht auf der Haut und hilft, R\u00f6tungen, Reizungen und Beschwerden zu lindern, die durch Umweltfaktoren oder Allergene verursacht werden.<\/span><\/div>\n<div><\/div>\n<div><span style=\"color: #282828;\"><strong>Spendet Feuchtigkeit und macht die Haut geschmeidig:<\/strong> Aloe Vera und Vitamine unterst\u00fctzen die nat\u00fcrliche Feuchtigkeitsbarriere der Haut, so dass sich die empfindliche Augenpartie erfrischt und mit Feuchtigkeit versorgt f\u00fchlt.<\/span><\/div>\n<div><\/div>\n<div><span style=\"color: #282828;\"><strong>Entz\u00fcndungshemmende Wirkung:<\/strong> Papaya-Extrakt wirkt entz\u00fcndungshemmend und hilft, geschwollene oder leicht gereizte Augenpartien zu lindern.<\/span><\/div>\n<div><\/div>\n<div><span style=\"color: #282828;\"><strong>Sichere und hygienische Reinigung:<\/strong> Der mit Ozon angereicherte Reinwasseranteil sorgt f\u00fcr eine effektive Reinigung, ohne Reizungen zu verursachen. Ideal f\u00fcr empfindliche Haut um die Augen herum und solche, die zu Trockenheit oder Unbehagen neigt. <\/span><\/div>\n<div><\/div>\n<div><span style=\"color: #282828;\"><strong>Frei von aggressiven Chemikalien:<\/strong> Frei von Alkohol, Parabenen, SLS und SLES sind diese T\u00fccher sanft zu empfindlichen Augen und Haut und sicher f\u00fcr den regelm\u00e4\u00dfigen Gebrauch.<\/span><\/div>\n<p><span style=\"color: #282828;\"><strong>F\u00fcr den t\u00e4glichen Gebrauch geeignet:<\/strong> Diese vorgefeuchteten und leicht zu transportierenden T\u00fccher sind ideal f\u00fcr die Reinigung unterwegs, zum Entfernen von Augen-Make-up oder zur Erfrischung m\u00fcder Augen.<\/span><\/p>\n<h3><strong><span style=\"color: #13739f;\">ANWENDUNGSWEISE.<\/span><\/strong><\/h3>\n<div>1. Waschen Sie Ihre H\u00e4nde gr\u00fcndlich, bevor Sie die T\u00fccher benutzen.<\/div>\n<div>2. Nehmen Sie ein einzelnes Taschentuch und reinigen Sie vorsichtig den Bereich um ein Auge. Vermeiden Sie den direkten Kontakt mit dem Augapfel.<\/div>\n<div>3. Verwenden Sie ein neues Tuch f\u00fcr das andere Auge, um eine Kreuzkontamination zu vermeiden.<\/div>\n<div>4. Gebrauchte T\u00fccher entsorgen; nicht wiederverwenden.<\/div>\n<div>5. Falls erforderlich, anschlie\u00dfend eine feuchtigkeitsspendende Augencreme oder Feuchtigkeitscreme auftragen.<\/div>\n<h3><strong><span style=\"color: #13739f;\">WER KANN UNSERE PRODUKTE VERWENDEN?<\/span><\/strong><\/h3>\n<div>1. Geeignet f\u00fcr Erwachsene und Kinder mit empfindlichen oder gereizten Augen.<\/div>\n<div>2. Ideal f\u00fcr Menschen, die zu Augeninfektionen, Trockenheit oder Allergien neigen.<\/div>\n<div>3. Kann von Kontaktlinsentr\u00e4gern verwendet werden, aber die Linsen m\u00fcssen vor dem Gebrauch entfernt werden.<\/div>\n<h3><strong><span style=\"color: #13739f;\">WORAUF SOLLTEN SIE ACHTEN?<\/span><\/strong><\/h3>\n<div>1. Verwenden Sie keine T\u00fccher mit besch\u00e4digter Verpackung.<\/div>\n<div>2. Direkten Kontakt mit dem Augapfel vermeiden. Bei Kontakt gr\u00fcndlich mit Wasser aussp\u00fclen.<\/div>\n<div>3. Um die Hygiene aufrechtzuerhalten, sollten Sie das gleiche Tuch nicht in beiden Augen verwenden.<\/div>\n<div>4. Bei anhaltender Reizung oder R\u00f6tung die Anwendung abbrechen und einen Arzt aufsuchen.<\/div>\n<div>5. K\u00fchl und trocken lagern und au\u00dferhalb der Reichweite von Kindern aufbewahren.<\/div>\n<div>6. Konsultieren Sie vor der Anwendung bei S\u00e4uglingen unter sechs Monaten, stillenden oder schwangeren Frauen immer einen Arzt.<\/div>\n<div><\/div>\n","protected":false},"excerpt":{"rendered":"<p>BITTE LESEN SIE DIE BESCHREIBUNG. \u00dcr\u00fcnlerimiz sipari\u015f \u00fczerine \u00fcretilir ve her partide tazelik ve kalite sa\u011flar. Ayr\u0131ca, \u00fcr\u00fcnlerimizi kendinize \u00f6zg\u00fc olarak \u00f6zelle\u015ftirmenize ve markala\u015ft\u0131rman\u0131za olanak tan\u0131yan \u00f6zel etiket f\u0131rsatlar\u0131 da sunuyoruz. Fiyatlar g\u00f6sterge niteli\u011findedir ve \u00f6zelle\u015ftirme ve sipari\u015f hacmine g\u00f6re de\u011fi\u015febilir. Toplu sipari\u015fler ve di\u011fer sorular\u0131n\u0131z i\u00e7in l\u00fctfen bizimle ileti\u015fime ge\u00e7mekten \u00e7ekinmeyin. VORTEILE UND MERKMALE [&#8230;]\n","protected":false},"featured_media":15773193,"comment_status":"open","ping_status":"closed","template":"","meta":[],"product_brand":[],"product_cat":[352],"product_tag":[],"class_list":{"0":"post-15774020","1":"product","2":"type-product","3":"status-publish","4":"has-post-thumbnail","6":"product_cat-schonheit-kosmetik","8":"first","9":"outofstock","10":"sale","11":"taxable","12":"shipping-taxable","13":"purchasable","14":"product-type-simple"},"_links":{"self":[{"href":"https:\/\/doctorsilverion.com\/de\/wp-json\/wp\/v2\/product\/15774020","targetHints":{"allow":["GET"]}}],"collection":[{"href":"https:\/\/doctorsilverion.com\/de\/wp-json\/wp\/v2\/product"}],"about":[{"href":"https:\/\/doctorsilverion.com\/de\/wp-json\/wp\/v2\/types\/product"}],"replies":[{"embeddable":true,"href":"https:\/\/doctorsilverion.com\/de\/wp-json\/wp\/v2\/comments?post=15774020"}],"version-history":[{"count":2,"href":"https:\/\/doctorsilverion.com\/de\/wp-json\/wp\/v2\/product\/15774020\/revisions"}],"predecessor-version":[{"id":15774779,"href":"https:\/\/doctorsilverion.com\/de\/wp-json\/wp\/v2\/product\/15774020\/revisions\/15774779"}],"wp:featuredmedia":[{"embeddable":true,"href":"https:\/\/doctorsilverion.com\/de\/wp-json\/wp\/v2\/media\/15773193"}],"wp:attachment":[{"href":"https:\/\/doctorsilverion.com\/de\/wp-json\/wp\/v2\/media?parent=15774020"}],"wp:term":[{"taxonomy":"product_brand","embeddable":true,"href":"https:\/\/doctorsilverion.com\/de\/wp-json\/wp\/v2\/product_brand?post=15774020"},{"taxonomy":"product_cat","embeddable":true,"href":"https:\/\/doctorsilverion.com\/de\/wp-json\/wp\/v2\/product_cat?post=15774020"},{"taxonomy":"product_tag","embeddable":true,"href":"https:\/\/doctorsilverion.com\/de\/wp-json\/wp\/v2\/product_tag?post=15774020"}],"curies":[{"name":"wp","href":"https:\/\/api.w.org\/{rel}","templated":true}]}}