{"id":15774018,"date":"2025-10-09T18:30:17","date_gmt":"2025-10-09T15:30:17","guid":{"rendered":"https:\/\/doctorsilverion.com\/product\/vitamin-augencreme\/"},"modified":"2025-11-12T18:19:09","modified_gmt":"2025-11-12T15:19:09","slug":"vitamin-augencreme","status":"publish","type":"product","link":"https:\/\/doctorsilverion.com\/de\/produkt\/vitamin-augencreme\/","title":{"rendered":"Vitamin-Augencreme"},"content":{"rendered":"<p><span style=\"color: #13739f;\"><strong>BITTE LESEN SIE DIE BESCHREIBUNG.<\/strong><\/span><\/p>\n<pre><span style=\"color: #000000;\"><strong>\u00dcr\u00fcnlerimiz sipari\u015f \u00fczerine \u00fcretilir ve her partide tazelik ve kalite sa\u011flar. Ayr\u0131ca, \u00fcr\u00fcnlerimizi kendinize \u00f6zg\u00fc olarak \u00f6zelle\u015ftirmenize ve markala\u015ft\u0131rman\u0131za olanak tan\u0131yan \u00f6zel etiket f\u0131rsatlar\u0131 da sunuyoruz. Fiyatlar g\u00f6sterge niteli\u011findedir ve \u00f6zelle\u015ftirme ve sipari\u015f hacmine g\u00f6re de\u011fi\u015febilir. Toplu sipari\u015fler ve di\u011fer sorular\u0131n\u0131z i\u00e7in l\u00fctfen bizimle ileti\u015fime ge\u00e7mekten \u00e7ekinmeyin.<\/strong><\/span><\/pre>\n<h3><span style=\"color: #13739f;\"><strong>VORTEILE UND MERKMALE<\/strong><\/span><\/h3>\n<div><\/div>\n<div>Unsere Eye Vitamin Cream wurde sorgf\u00e4ltig entwickelt, um die empfindliche Haut um die Augen zu n\u00e4hren und zu verj\u00fcngen. Diese Creme kombiniert fortschrittliche Inhaltsstoffe, um Feuchtigkeit, Schutz und gezielte Pflege f\u00fcr die Augenpartie zu bieten.<\/div>\n<div><\/div>\n<div><strong>Unterst\u00fctzt die Hautreparatur:<\/strong> Silberionen wirken antibakteriell und helfen, Hautreizungen zu vermeiden, w\u00e4hrend sie die nat\u00fcrliche Regeneration empfindlicher Haut unterst\u00fctzen.<\/div>\n<div><\/div>\n<div><\/div>\n<div><strong>Beruhigend und sch\u00fctzend:<\/strong> Das Biopolymer Chitin bildet eine Schutzschicht, die R\u00f6tungen, Reizungen und Beschwerden, die durch Umweltfaktoren oder Allergene verursacht werden, lindert.<\/div>\n<div><\/div>\n<div><\/div>\n<div><strong>Spendet Feuchtigkeit und repariert:<\/strong> Aloe Vera und Hyalurons\u00e4ure spenden Feuchtigkeit und stellen den Feuchtigkeitshaushalt der Haut wieder her. Die Augenpartie wird weich, glatt und erfrischt.<\/div>\n<div><\/div>\n<div><\/div>\n<div><strong>Reduziert Schwellungen und dunkle Augenringe:<\/strong> Vitamin K und Koffein wirken zusammen, um dunkle Augenringe und Schwellungen zu reduzieren und ein wacheres und jugendlicheres Aussehen zu verleihen.<\/div>\n<div><\/div>\n<div><\/div>\n<div><strong>Anti-Aging-Vorteile:<\/strong> Angereichert mit Antioxidantien wie den Vitaminen C und E hilft diese Creme, feine Linien und Falten zu bek\u00e4mpfen, indem sie die Kollagenproduktion anregt und freie Radikale bek\u00e4mpft.<\/div>\n<div><\/div>\n<div><\/div>\n<div><strong>Sanfte und sichere Formel:<\/strong> Frei von Alkohol, Parabenen, SLS und SLES, ist diese Creme dermatologisch getestet und f\u00fcr empfindliche Haut geeignet.<\/div>\n<div><\/div>\n<div><\/div>\n<div><strong>Ideal f\u00fcr die t\u00e4gliche Anwendung:<\/strong> Die leichte und schnell einziehende Eye Vitamin Cream kann nahtlos in Ihre t\u00e4gliche Hautpflege-Routine integriert werden, sowohl tags\u00fcber als auch nachts.<\/div>\n<h3><span style=\"color: #13739f;\"><strong>ANWENDUNGSWEISE.<\/strong><\/span><\/h3>\n<p>1. Beginnen Sie mit sauberer und trockener Haut.<br \/>\n2. Mit der Fingerspitze eine kleine Menge der Creme (etwa erbsengro\u00df) ausstechen.<br \/>\n3. Die Creme sanft um die Augenpartie herum auftragen, dabei den direkten Kontakt mit den Augen vermeiden.<br \/>\n4. Mit sanften Klopfbewegungen die Creme vollst\u00e4ndig in die Haut einziehen lassen.<br \/>\n5 F\u00fcr beste Ergebnisse zweimal t\u00e4glich, morgens und abends, auftragen.<\/p>\n<h3><strong><span style=\"color: #13739f;\">WER KANN UNSERE PRODUKTE VERWENDEN?<\/span><\/strong><\/h3>\n<p>1. Geeignet f\u00fcr Erwachsene mit empfindlicher oder feuchtigkeitsarmer Haut um die Augen.<br \/>\n2. Ideal f\u00fcr Personen, die unter Augenringen, Schwellungen oder feinen Linien leiden.<br \/>\n3. Bei vorschriftsm\u00e4\u00dfiger Anwendung sicher f\u00fcr Kontaktlinsentr\u00e4gerinnen.<\/p>\n<h3><strong><span style=\"color: #13739f;\">WORAUF SOLLTEN SIE ACHTEN?<\/span><\/strong><\/h3>\n<p>1. Vermeiden Sie die direkte Anwendung in den Augen. Im Falle eines Kontakts gr\u00fcndlich mit Wasser aussp\u00fclen.<br \/>\n2. Nicht verwenden, wenn Sie Reizungen oder allergische Reaktionen versp\u00fcren. Brechen Sie die Anwendung ab und konsultieren Sie gegebenenfalls einen Dermatologen.<br \/>\n3. K\u00fchl, trocken und vor direkter Sonneneinstrahlung gesch\u00fctzt aufbewahren.<br \/>\n4. Au\u00dferhalb der Reichweite von Kindern aufbewahren.<br \/>\n5. Bei stillenden oder schwangeren Frauen vor der Anwendung einen Arzt konsultieren.<br \/>\n6. Bei der Anwendung des Produkts stets saubere H\u00e4nde verwenden, um Hygiene zu gew\u00e4hrleisten.<\/p>\n<p>&nbsp;<\/p>\n","protected":false},"excerpt":{"rendered":"<p>BITTE LESEN SIE DIE BESCHREIBUNG. \u00dcr\u00fcnlerimiz sipari\u015f \u00fczerine \u00fcretilir ve her partide tazelik ve kalite sa\u011flar. Ayr\u0131ca, \u00fcr\u00fcnlerimizi kendinize \u00f6zg\u00fc olarak \u00f6zelle\u015ftirmenize ve markala\u015ft\u0131rman\u0131za olanak tan\u0131yan \u00f6zel etiket f\u0131rsatlar\u0131 da sunuyoruz. Fiyatlar g\u00f6sterge niteli\u011findedir ve \u00f6zelle\u015ftirme ve sipari\u015f hacmine g\u00f6re de\u011fi\u015febilir. Toplu sipari\u015fler ve di\u011fer sorular\u0131n\u0131z i\u00e7in l\u00fctfen bizimle ileti\u015fime ge\u00e7mekten \u00e7ekinmeyin. VORTEILE UND MERKMALE [&#8230;]\n","protected":false},"featured_media":15773293,"comment_status":"open","ping_status":"closed","template":"","meta":[],"product_brand":[],"product_cat":[352],"product_tag":[],"class_list":{"0":"post-15774018","1":"product","2":"type-product","3":"status-publish","4":"has-post-thumbnail","6":"product_cat-schonheit-kosmetik","8":"first","9":"outofstock","10":"sale","11":"taxable","12":"shipping-taxable","13":"purchasable","14":"product-type-simple"},"_links":{"self":[{"href":"https:\/\/doctorsilverion.com\/de\/wp-json\/wp\/v2\/product\/15774018","targetHints":{"allow":["GET"]}}],"collection":[{"href":"https:\/\/doctorsilverion.com\/de\/wp-json\/wp\/v2\/product"}],"about":[{"href":"https:\/\/doctorsilverion.com\/de\/wp-json\/wp\/v2\/types\/product"}],"replies":[{"embeddable":true,"href":"https:\/\/doctorsilverion.com\/de\/wp-json\/wp\/v2\/comments?post=15774018"}],"version-history":[{"count":2,"href":"https:\/\/doctorsilverion.com\/de\/wp-json\/wp\/v2\/product\/15774018\/revisions"}],"predecessor-version":[{"id":15774777,"href":"https:\/\/doctorsilverion.com\/de\/wp-json\/wp\/v2\/product\/15774018\/revisions\/15774777"}],"wp:featuredmedia":[{"embeddable":true,"href":"https:\/\/doctorsilverion.com\/de\/wp-json\/wp\/v2\/media\/15773293"}],"wp:attachment":[{"href":"https:\/\/doctorsilverion.com\/de\/wp-json\/wp\/v2\/media?parent=15774018"}],"wp:term":[{"taxonomy":"product_brand","embeddable":true,"href":"https:\/\/doctorsilverion.com\/de\/wp-json\/wp\/v2\/product_brand?post=15774018"},{"taxonomy":"product_cat","embeddable":true,"href":"https:\/\/doctorsilverion.com\/de\/wp-json\/wp\/v2\/product_cat?post=15774018"},{"taxonomy":"product_tag","embeddable":true,"href":"https:\/\/doctorsilverion.com\/de\/wp-json\/wp\/v2\/product_tag?post=15774018"}],"curies":[{"name":"wp","href":"https:\/\/api.w.org\/{rel}","templated":true}]}}