{"id":15774016,"date":"2025-10-09T18:30:17","date_gmt":"2025-10-09T15:30:17","guid":{"rendered":"https:\/\/doctorsilverion.com\/product\/intim-genital-bereich-reinigungstuecher\/"},"modified":"2025-11-12T18:17:59","modified_gmt":"2025-11-12T15:17:59","slug":"intim-genital-bereich-reinigungstuecher","status":"publish","type":"product","link":"https:\/\/doctorsilverion.com\/de\/produkt\/intim-genital-bereich-reinigungstuecher\/","title":{"rendered":"Intim-(Genital-)Bereich Reinigungst\u00fccher"},"content":{"rendered":"<p><span style=\"color: #13739f;\"><strong>BITTE LESEN SIE DIE BESCHREIBUNG.<\/strong><\/span><\/p>\n<pre><span style=\"color: #000000;\"><strong>\u00dcr\u00fcnlerimiz sipari\u015f \u00fczerine \u00fcretilir ve her partide tazelik ve kalite sa\u011flar. Ayr\u0131ca, \u00fcr\u00fcnlerimizi kendinize \u00f6zg\u00fc olarak \u00f6zelle\u015ftirmenize ve markala\u015ft\u0131rman\u0131za olanak tan\u0131yan \u00f6zel etiket f\u0131rsatlar\u0131 da sunuyoruz. Fiyatlar g\u00f6sterge niteli\u011findedir ve \u00f6zelle\u015ftirme ve sipari\u015f hacmine g\u00f6re de\u011fi\u015febilir. Toplu sipari\u015fler ve di\u011fer sorular\u0131n\u0131z i\u00e7in l\u00fctfen bizimle ileti\u015fime ge\u00e7mekten \u00e7ekinmeyin.<\/strong><\/span><\/pre>\n<pre><\/pre>\n<h3><strong><span style=\"color: #13739f;\">VORTEILE UND MERKMALE<\/span><\/strong><\/h3>\n<div><span style=\"color: #000000;\">Unsere Intim-Reinigungst\u00fccher wurden speziell f\u00fcr die sanfte, wirksame und sichere Reinigung des empfindlichen Intimbereichs entwickelt. Dieses Produkt kombiniert beruhigende und sch\u00fctzende Inhaltsstoffe, die f\u00fcr Hygiene, Komfort und Pflege sorgen. <\/span><\/div>\n<div><\/div>\n<div><span style=\"color: #000000;\"><strong>F\u00f6rdert Hygiene und Komfort:<\/strong> Silberionen wirken antibakteriell, reduzieren Bakterien und f\u00f6rdern die nat\u00fcrliche Hautregeneration, so dass der Bereich frisch und sauber bleibt.<\/span><\/div>\n<div><\/div>\n<div><span style=\"color: #000000;\"><strong>Beruhigend und sch\u00fctzend:<\/strong> Biopolymer Chitin bildet eine sch\u00fctzende Barriere, um R\u00f6tungen, Reizungen und Beschwerden zu lindern, die durch Reibung, Allergene oder l\u00e4ngeren Kontakt mit Feuchtigkeit verursacht werden.<\/span><\/div>\n<div><\/div>\n<div><span style=\"color: #000000;\"><strong>Spendet Feuchtigkeit und erfrischt:<\/strong> Aloe Vera und Hyalurons\u00e4ure tragen dazu bei, das nat\u00fcrliche Feuchtigkeitsgleichgewicht der Haut zu erhalten, so dass sich der Intimbereich nach jeder Anwendung weich, glatt und erfrischt anf\u00fchlt.<\/span><\/div>\n<div><\/div>\n<div><span style=\"color: #000000;\"><strong>Erh\u00e4lt das nat\u00fcrliche pH-Gleichgewicht:<\/strong> Mit Inhaltsstoffen, die den nat\u00fcrlichen pH-Wert der Haut respektieren, bieten diese T\u00fccher sanfte Pflege, ohne Trockenheit oder Ungleichgewicht zu verursachen.<\/span><\/div>\n<div><\/div>\n<div><span style=\"color: #000000;\"><strong>Sanfte und sichere Formel:<\/strong> Diese T\u00fccher sind frei von Alkohol, Parabenen, SLS und SLES, dermatologisch getestet, hypoallergen und sicher f\u00fcr empfindliche Haut.<\/span><\/div>\n<p><span style=\"color: #000000;\"><strong>F\u00fcr den t\u00e4glichen Gebrauch geeignet:<\/strong> Vorbefeuchtet und tragbar, sind diese T\u00fccher ideal f\u00fcr die Verwendung w\u00e4hrend der Menstruation, nach k\u00f6rperlicher Aktivit\u00e4t oder wenn eine schnelle Erfrischung ben\u00f6tigt wird.<\/span><\/p>\n<h3><strong><span style=\"color: #13739f;\">ANWENDUNGSWEISE.<\/span><\/strong><\/h3>\n<div>1. Waschen Sie sich vor der Anwendung gr\u00fcndlich die H\u00e4nde.<\/div>\n<div>2. Ein Wischtuch aus der Verpackung nehmen.<\/div>\n<div>3) Reinigen Sie den Intimbereich vorsichtig von vorne nach hinten, um Verunreinigungen zu vermeiden.<\/div>\n<div>4. Gebrauchte T\u00fccher sofort entsorgen; nicht heruntersp\u00fclen.<\/div>\n<div>5. Je nach Bedarf \u00fcber den Tag verteilt anwenden f\u00fcr ein sauberes und erfrischtes Gef\u00fchl.<\/div>\n<h3><strong><span style=\"color: #13739f;\">WER KANN UNSERE PRODUKTE VERWENDEN?<\/span><\/strong><\/h3>\n<div>1. Geeignet f\u00fcr Erwachsene und Teenager mit empfindlicher Haut im Intimbereich.<\/div>\n<div>2. Ideal f\u00fcr den Gebrauch w\u00e4hrend der Menstruation, nach dem Sport oder auf Reisen.<\/div>\n<div>3. Empfohlen f\u00fcr Personen, die eine sanfte und wirksame Methode zur Intimhygiene suchen.<\/div>\n<h3><span style=\"color: #13739f;\"><strong>WORAUF SOLLTEN SIE ACHTEN?<\/strong><\/span><\/h3>\n<div>1. Vermeiden Sie die Verwendung von T\u00fcchern auf verletzter oder gereizter Haut.<\/div>\n<div>2. Gebrauchte T\u00fccher nicht heruntersp\u00fclen, sondern verantwortungsvoll entsorgen.<\/div>\n<div>3 Wenn Reizungen oder Unwohlsein auftreten, beenden Sie die Anwendung und wenden Sie sich an einen Fachmann.<\/div>\n<div>4. K\u00fchl, trocken und vor direkter Sonneneinstrahlung gesch\u00fctzt lagern, um die Produktqualit\u00e4t zu erhalten.<\/div>\n<div>5 Au\u00dferhalb der Reichweite von Kindern aufbewahren.<\/div>\n<div>6. Konsultieren Sie einen Arzt vor der Verwendung f\u00fcr schwangere oder stillende Frauen.<\/div>\n<p>&nbsp;<\/p>\n","protected":false},"excerpt":{"rendered":"<p>BITTE LESEN SIE DIE BESCHREIBUNG. \u00dcr\u00fcnlerimiz sipari\u015f \u00fczerine \u00fcretilir ve her partide tazelik ve kalite sa\u011flar. Ayr\u0131ca, \u00fcr\u00fcnlerimizi kendinize \u00f6zg\u00fc olarak \u00f6zelle\u015ftirmenize ve markala\u015ft\u0131rman\u0131za olanak tan\u0131yan \u00f6zel etiket f\u0131rsatlar\u0131 da sunuyoruz. Fiyatlar g\u00f6sterge niteli\u011findedir ve \u00f6zelle\u015ftirme ve sipari\u015f hacmine g\u00f6re de\u011fi\u015febilir. Toplu sipari\u015fler ve di\u011fer sorular\u0131n\u0131z i\u00e7in l\u00fctfen bizimle ileti\u015fime ge\u00e7mekten \u00e7ekinmeyin. VORTEILE UND MERKMALE [&#8230;]\n","protected":false},"featured_media":15773325,"comment_status":"open","ping_status":"closed","template":"","meta":[],"product_brand":[],"product_cat":[352],"product_tag":[],"class_list":{"0":"post-15774016","1":"product","2":"type-product","3":"status-publish","4":"has-post-thumbnail","6":"product_cat-schonheit-kosmetik","8":"first","9":"outofstock","10":"sale","11":"taxable","12":"shipping-taxable","13":"purchasable","14":"product-type-simple"},"_links":{"self":[{"href":"https:\/\/doctorsilverion.com\/de\/wp-json\/wp\/v2\/product\/15774016","targetHints":{"allow":["GET"]}}],"collection":[{"href":"https:\/\/doctorsilverion.com\/de\/wp-json\/wp\/v2\/product"}],"about":[{"href":"https:\/\/doctorsilverion.com\/de\/wp-json\/wp\/v2\/types\/product"}],"replies":[{"embeddable":true,"href":"https:\/\/doctorsilverion.com\/de\/wp-json\/wp\/v2\/comments?post=15774016"}],"version-history":[{"count":1,"href":"https:\/\/doctorsilverion.com\/de\/wp-json\/wp\/v2\/product\/15774016\/revisions"}],"predecessor-version":[{"id":15774235,"href":"https:\/\/doctorsilverion.com\/de\/wp-json\/wp\/v2\/product\/15774016\/revisions\/15774235"}],"wp:featuredmedia":[{"embeddable":true,"href":"https:\/\/doctorsilverion.com\/de\/wp-json\/wp\/v2\/media\/15773325"}],"wp:attachment":[{"href":"https:\/\/doctorsilverion.com\/de\/wp-json\/wp\/v2\/media?parent=15774016"}],"wp:term":[{"taxonomy":"product_brand","embeddable":true,"href":"https:\/\/doctorsilverion.com\/de\/wp-json\/wp\/v2\/product_brand?post=15774016"},{"taxonomy":"product_cat","embeddable":true,"href":"https:\/\/doctorsilverion.com\/de\/wp-json\/wp\/v2\/product_cat?post=15774016"},{"taxonomy":"product_tag","embeddable":true,"href":"https:\/\/doctorsilverion.com\/de\/wp-json\/wp\/v2\/product_tag?post=15774016"}],"curies":[{"name":"wp","href":"https:\/\/api.w.org\/{rel}","templated":true}]}}