{"id":15773963,"date":"2025-10-09T18:30:18","date_gmt":"2025-10-09T15:30:18","guid":{"rendered":"https:\/\/doctorsilverion.com\/product\/koerper-reinigungstuch\/"},"modified":"2025-11-12T18:17:26","modified_gmt":"2025-11-12T15:17:26","slug":"koerper-reinigungstuch","status":"publish","type":"product","link":"https:\/\/doctorsilverion.com\/de\/produkt\/koerper-reinigungstuch\/","title":{"rendered":"K\u00f6rper-Reinigungstuch"},"content":{"rendered":"<h3><span style=\"color: #13637f;\"><strong><span dir=\"auto\" style=\"vertical-align: inherit;\"><span dir=\"auto\" style=\"vertical-align: inherit;\">FAYDALAR VE \u00d6ZELL\u0130KLER<\/span><\/span><\/strong><\/span><\/h3>\n<p><strong><span dir=\"auto\" style=\"vertical-align: inherit;\"><span dir=\"auto\" style=\"vertical-align: inherit;\">Doctor Silver Ion V\u00fccut Temizleme Mendilleri<\/span><\/span><\/strong><span dir=\"auto\" style=\"vertical-align: inherit;\"><span dir=\"auto\" style=\"vertical-align: inherit;\"> , su kullan\u0131m\u0131 gerektirmeyen, g\u00fcnl\u00fck v\u00fccut bak\u0131m ihtiyac\u0131n\u0131 kar\u015f\u0131layan, eksiksiz, hijyenik ve nazik bir temizlik \u00e7\u00f6z\u00fcm\u00fc sunmak i\u00e7in \u00f6zel olarak form\u00fcle edilmi\u015ftir.<\/span><\/span><\/p>\n<p><strong><span dir=\"auto\" style=\"vertical-align: inherit;\"><span dir=\"auto\" style=\"vertical-align: inherit;\">Temizleme ve Koruma:<\/span><\/span><\/strong><span dir=\"auto\" style=\"vertical-align: inherit;\"><span dir=\"auto\" style=\"vertical-align: inherit;\"> Form\u00fcldeki G\u00fcm\u00fc\u015f \u0130yonlar\u0131, ciltteki hastal\u0131klar\u0131n riskini azalt\u0131r ve ferah bir temizlik hissini sa\u011flar.<\/span><\/span><\/p>\n<p><strong><span dir=\"auto\" style=\"vertical-align: inherit;\"><span dir=\"auto\" style=\"vertical-align: inherit;\">Cilt Tahri\u015fini \u00d6nler:<\/span><\/span><\/strong><span dir=\"auto\" style=\"vertical-align: inherit;\"><span dir=\"auto\" style=\"vertical-align: inherit;\"> Biyopolimer Kitin, cilt \u00fczerinde koruyucu bir katman olu\u015fumu, kuruluk veya uzun s\u00fcreli hareketsizlikten k\u0131r\u0131lmaya, k\u0131r\u0131lmaya yard\u0131mc\u0131 olur.<\/span><\/span><\/p>\n<p><strong><span dir=\"auto\" style=\"vertical-align: inherit;\"><span dir=\"auto\" style=\"vertical-align: inherit;\">Cildi Nemlendirir ve Yumu\u015fat\u0131r:<\/span><\/span><\/strong><span dir=\"auto\" style=\"vertical-align: inherit;\"><span dir=\"auto\" style=\"vertical-align: inherit;\"> Aloe vera ve vitaminler, cildin do\u011fal nem dengesini koruyarak d\u00fczenli kullan\u0131mla bile cildi nemli, yumu\u015fak ve p\u00fcr\u00fczs\u00fcz b\u0131rak\u0131r.<\/span><\/span><\/p>\n<p><strong><span dir=\"auto\" style=\"vertical-align: inherit;\"><span dir=\"auto\" style=\"vertical-align: inherit;\">Anti-Enflamatuar \u00d6zellikler:<\/span><\/span><\/strong><span dir=\"auto\" style=\"vertical-align: inherit;\"><span dir=\"auto\" style=\"vertical-align: inherit;\"> Papaya \u00f6z\u00fc, iltihaplanm\u0131\u015f veya tahri\u015f olmu\u015f merkezi yat\u0131\u015ft\u0131r\u0131r, daha h\u0131zl\u0131 iyile\u015fmeyi sa\u011flar ve genel konfor sa\u011flar.<\/span><\/span><\/p>\n<p><strong><span dir=\"auto\" style=\"vertical-align: inherit;\"><span dir=\"auto\" style=\"vertical-align: inherit;\">Hijyenik ve Kullan\u0131m\u0131 Kolay:<\/span><\/span><\/strong><span dir=\"auto\" style=\"vertical-align: inherit;\"><span dir=\"auto\" style=\"vertical-align: inherit;\"> Saf su ve ozonla zenginle\u015ftirilmi\u015f mendiller, temizlenebilir temizler ve ferahlat\u0131r; Banyo veya du\u015f alma imk\u00e2n\u0131 olmayanlar i\u00e7in pratik bir \u00e7\u00f6z\u00fcm sunar.<\/span><\/span><\/p>\n<p><strong><span dir=\"auto\" style=\"vertical-align: inherit;\"><span dir=\"auto\" style=\"vertical-align: inherit;\">G\u00fcvenli ve Do\u011fal \u0130\u00e7erikler:<\/span><\/span><\/strong><span dir=\"auto\" style=\"vertical-align: inherit;\"><span dir=\"auto\" style=\"vertical-align: inherit;\"> Alkol, paraben, SLS ve SLES i\u00e7erir. Hassas ciltler i\u00e7in g\u00fcvenli oldu\u011fundan emin olmak i\u00e7in dermatolojik olarak test edilmi\u015ftir.<\/span><\/span><\/p>\n<p><strong><span dir=\"auto\" style=\"vertical-align: inherit;\"><span dir=\"auto\" style=\"vertical-align: inherit;\">Koruyucu Bariyer Olu\u015fturulur:<\/span><\/span><\/strong><span dir=\"auto\" style=\"vertical-align: inherit;\"><span dir=\"auto\" style=\"vertical-align: inherit;\"> Biyopolimer Kitin, fakt\u00f6r fakt\u00f6rlerine kar\u015f\u0131 koruyucu bir bariyer olu\u015fturur, kullan\u0131m sonras\u0131nda uzun s\u00fcreli koruma sa\u011flar.<\/span><\/span><\/p>\n<p><strong><span dir=\"auto\" style=\"vertical-align: inherit;\"><span dir=\"auto\" style=\"vertical-align: inherit;\">Hastalar \u0130\u00e7in Konforlu:<\/span><\/span><\/strong><span dir=\"auto\" style=\"vertical-align: inherit;\"><span dir=\"auto\" style=\"vertical-align: inherit;\"> Kolay uygulama i\u00e7in tasarlanm\u0131\u015f olan mendiller, belirtilenden kalkamayan bireyler i\u00e7in rahat bir temizlik deneyimi sunar.<\/span><\/span><\/p>\n<h3><strong><span style=\"color: #13637f;\"><span dir=\"auto\" style=\"vertical-align: inherit;\"><span dir=\"auto\" style=\"vertical-align: inherit;\">NASIL KULLANILIR?<\/span><\/span><\/span><\/strong><\/h3>\n<p><span dir=\"auto\" style=\"vertical-align: inherit;\"><span dir=\"auto\" style=\"vertical-align: inherit;\">1. Mendilleri kullanmadan \u00f6nce ellerinizi y\u0131kay\u0131n. <\/span><\/span><br \/>\n<span dir=\"auto\" style=\"vertical-align: inherit;\"><span dir=\"auto\" style=\"vertical-align: inherit;\">2. Tek bir mendil alarak par\u00e7alar\u0131n\u0131n bir b\u00f6lgesini (\u00f6rne\u011fin kollar, dolgular veya g\u00f6vde) silin. Hijyen sa\u011flamak i\u00e7in kendi b\u00f6lgesi i\u00e7in ayr\u0131 bir mendil kullan\u0131n. <\/span><\/span><br \/>\n<span dir=\"auto\" style=\"vertical-align: inherit;\"><span dir=\"auto\" style=\"vertical-align: inherit;\">3. Hassas veya \u00f6zel b\u00f6lgeler i\u00e7in, bu alanlara \u00f6zel mendiller kullanarak tam bir bak\u0131m sa\u011flay\u0131n. <\/span><\/span><br \/>\n<span dir=\"auto\" style=\"vertical-align: inherit;\"><span dir=\"auto\" style=\"vertical-align: inherit;\">4. Kullan\u0131lan mendilleri temizlemeden sonra at\u0131n; tekrar kullan\u0131n. <\/span><\/span><br \/>\n<span dir=\"auto\" style=\"vertical-align: inherit;\"><span dir=\"auto\" style=\"vertical-align: inherit;\">5. Kullan\u0131m sonras\u0131 durulama veya ek \u00fcr\u00fcnler gerekli de\u011fildir.<\/span><\/span><\/p>\n<h3><strong><span style=\"color: #13637f;\"><span dir=\"auto\" style=\"vertical-align: inherit;\"><span dir=\"auto\" style=\"vertical-align: inherit;\">K\u0130MLER KULLANAB\u0130L\u0130R?<\/span><\/span><\/span><\/strong><\/h3>\n<p><span dir=\"auto\" style=\"vertical-align: inherit;\"><span dir=\"auto\" style=\"vertical-align: inherit;\">1. Ya\u015fl\u0131lar, yata\u011fa ba\u011f\u0131ml\u0131 ki\u015filer, hastalar ve hareket k\u0131s\u0131tl\u0131l\u0131\u011f\u0131 olan ki\u015filer i\u00e7in uygundur. <\/span><\/span><br \/>\n<span dir=\"auto\" style=\"vertical-align: inherit;\"><span dir=\"auto\" style=\"vertical-align: inherit;\">2. Hassas ciltli \u00e7ocuklar ve \u00e7ocuklar i\u00e7in g\u00fcvenlidir. <\/span><\/span><br \/>\n<span dir=\"auto\" style=\"vertical-align: inherit;\"><span dir=\"auto\" style=\"vertical-align: inherit;\">3. Hastanelerde, bak\u0131m tesislerinde veya evde hijyen konusunda yard\u0131ma ihtiya\u00e7 duyan ki\u015filer i\u00e7in g\u00fcnl\u00fck kullan\u0131mda ama\u00e7.<\/span><\/span><\/p>\n<h3><strong><span style=\"color: #13637f;\"><span dir=\"auto\" style=\"vertical-align: inherit;\"><span dir=\"auto\" style=\"vertical-align: inherit;\">NELERE D\u0130KKAT ETMEL\u0130S\u0130N\u0130Z?<\/span><\/span><\/span><\/strong><\/h3>\n<p><span dir=\"auto\" style=\"vertical-align: inherit;\"><span dir=\"auto\" style=\"vertical-align: inherit;\">1. Ambalaj\u0131 hasar g\u00f6rm\u00fc\u015f veya a\u00e7\u0131lm\u0131\u015f mendilleri kullan\u0131n. <\/span><\/span><br \/>\n<span dir=\"auto\" style=\"vertical-align: inherit;\"><span dir=\"auto\" style=\"vertical-align: inherit;\">2. A\u00e7\u0131k yaralara uygulaman\u0131n veya tedavilerin yerine kullan\u0131n. <\/span><\/span><br \/>\n<span dir=\"auto\" style=\"vertical-align: inherit;\"><span dir=\"auto\" style=\"vertical-align: inherit;\">3. \u00c7apraz bula\u015fmay\u0131 \u00f6nlemek i\u00e7in her b\u00f6lge i\u00e7in yeni bir mendil kullan\u0131n. <\/span><\/span><br \/>\n<span dir=\"auto\" style=\"vertical-align: inherit;\"><span dir=\"auto\" style=\"vertical-align: inherit;\">4. Tahri\u015f veya rahats\u0131zl\u0131klar meydana geldi\u011finde kullan\u0131m\u0131 durdurun ve bir sa\u011fl\u0131k uzman\u0131na uygundur. <\/span><\/span><br \/>\n<span dir=\"auto\" style=\"vertical-align: inherit;\"><span dir=\"auto\" style=\"vertical-align: inherit;\">5. Kullan\u0131mdan sonra mendilleri kapal\u0131 tutarak nemini ve lisanslar\u0131 b\u0131rak\u0131n. <\/span><\/span><br \/>\n<span dir=\"auto\" style=\"vertical-align: inherit;\"><span dir=\"auto\" style=\"vertical-align: inherit;\">6. G\u00f6zle temastan ka\u00e7\u0131n\u0131n. Temas halinde bol su ile devam edin. <\/span><\/span><br \/>\n<span dir=\"auto\" style=\"vertical-align: inherit;\"><span dir=\"auto\" style=\"vertical-align: inherit;\">7. Serin ve kuru bir yerde yedekleme. \u00c7ocuklar\u0131n eri\u015filemeyen bir yerde muhafaza edin.<\/span><\/span><\/p>\n<h2 style=\"text-align: center;\"><span style=\"color: #13739f;\"><strong><span dir=\"auto\" style=\"vertical-align: inherit;\"><span dir=\"auto\" style=\"vertical-align: inherit;\">\u00dcR\u00dcN TANITIM V\u0130DEOMUZ<\/span><\/span><\/strong><\/span><\/h2>\n<p><span dir=\"auto\" style=\"vertical-align: inherit;\"><span dir=\"auto\" style=\"vertical-align: inherit;\"><div class=\"video video-fit mb\" style=\"padding-top:50%;\"><p><iframe title=\"Doctor Silver Ion V\u00fccut Temizleme Havlusu Tan\u0131t\u0131m\u0131 ve \u00dcr\u00fcn A\u00e7\u0131klamas\u0131\" width=\"1020\" height=\"574\" src=\"https:\/\/www.youtube.com\/embed\/cXbZN1b2HMM?feature=oembed\" frameborder=\"0\" allow=\"accelerometer; autoplay; clipboard-write; encrypted-media; gyroscope; picture-in-picture; web-share\" referrerpolicy=\"strict-origin-when-cross-origin\" allowfullscreen><\/iframe><\/p>\n<\/div><\/span><\/span><\/p>\n","protected":false},"excerpt":{"rendered":"<p>FAYDALAR VE \u00d6ZELL\u0130KLER Doctor Silver Ion V\u00fccut Temizleme Mendilleri , su kullan\u0131m\u0131 gerektirmeyen, g\u00fcnl\u00fck v\u00fccut bak\u0131m ihtiyac\u0131n\u0131 kar\u015f\u0131layan, eksiksiz, hijyenik ve nazik bir temizlik \u00e7\u00f6z\u00fcm\u00fc sunmak i\u00e7in \u00f6zel olarak form\u00fcle edilmi\u015ftir. Temizleme ve Koruma: Form\u00fcldeki G\u00fcm\u00fc\u015f \u0130yonlar\u0131, ciltteki hastal\u0131klar\u0131n riskini azalt\u0131r ve ferah bir temizlik hissini sa\u011flar. Cilt Tahri\u015fini \u00d6nler: Biyopolimer Kitin, cilt \u00fczerinde koruyucu [&#8230;]\n","protected":false},"featured_media":15774479,"comment_status":"open","ping_status":"closed","template":"","meta":[],"product_brand":[],"product_cat":[348],"product_tag":[],"class_list":{"0":"post-15773963","1":"product","2":"type-product","3":"status-publish","4":"has-post-thumbnail","6":"product_cat-gesundheit-medizin","8":"first","9":"instock","10":"sale","11":"taxable","12":"shipping-taxable","13":"purchasable","14":"product-type-simple"},"_links":{"self":[{"href":"https:\/\/doctorsilverion.com\/de\/wp-json\/wp\/v2\/product\/15773963","targetHints":{"allow":["GET"]}}],"collection":[{"href":"https:\/\/doctorsilverion.com\/de\/wp-json\/wp\/v2\/product"}],"about":[{"href":"https:\/\/doctorsilverion.com\/de\/wp-json\/wp\/v2\/types\/product"}],"replies":[{"embeddable":true,"href":"https:\/\/doctorsilverion.com\/de\/wp-json\/wp\/v2\/comments?post=15773963"}],"version-history":[{"count":6,"href":"https:\/\/doctorsilverion.com\/de\/wp-json\/wp\/v2\/product\/15773963\/revisions"}],"predecessor-version":[{"id":15774776,"href":"https:\/\/doctorsilverion.com\/de\/wp-json\/wp\/v2\/product\/15773963\/revisions\/15774776"}],"wp:featuredmedia":[{"embeddable":true,"href":"https:\/\/doctorsilverion.com\/de\/wp-json\/wp\/v2\/media\/15774479"}],"wp:attachment":[{"href":"https:\/\/doctorsilverion.com\/de\/wp-json\/wp\/v2\/media?parent=15773963"}],"wp:term":[{"taxonomy":"product_brand","embeddable":true,"href":"https:\/\/doctorsilverion.com\/de\/wp-json\/wp\/v2\/product_brand?post=15773963"},{"taxonomy":"product_cat","embeddable":true,"href":"https:\/\/doctorsilverion.com\/de\/wp-json\/wp\/v2\/product_cat?post=15773963"},{"taxonomy":"product_tag","embeddable":true,"href":"https:\/\/doctorsilverion.com\/de\/wp-json\/wp\/v2\/product_tag?post=15773963"}],"curies":[{"name":"wp","href":"https:\/\/api.w.org\/{rel}","templated":true}]}}