{"id":15773941,"date":"2023-07-11T13:37:07","date_gmt":"2023-07-11T10:37:07","guid":{"rendered":"https:\/\/doctorsilverion.com\/katalog\/"},"modified":"2025-08-02T04:00:56","modified_gmt":"2025-08-02T01:00:56","slug":"katalog","status":"publish","type":"page","link":"https:\/\/doctorsilverion.com\/de\/katalog\/","title":{"rendered":"Katalog"},"content":{"rendered":"\t\t<div data-elementor-type=\"wp-page\" data-elementor-id=\"15773941\" class=\"elementor elementor-15773941 elementor-15768126\">\n\t\t\t\t<div class=\"elementor-element elementor-element-8de5065 e-flex e-con-boxed e-con e-parent\" data-id=\"8de5065\" data-element_type=\"container\" data-e-type=\"container\">\n\t\t\t\t\t<div class=\"e-con-inner\">\n\t\t\t\t<div class=\"elementor-element elementor-element-ec244a5 elementor-widget elementor-widget-text-editor\" data-id=\"ec244a5\" data-element_type=\"widget\" data-e-type=\"widget\" data-widget_type=\"text-editor.default\">\n\t\t\t\t<div class=\"elementor-widget-container\">\n\t\t\t\t\t\t\t\t\t<p>Wir von Doctor Silver Ion sind stolz darauf, innovative und qualitativ hochwertige Produkte anbieten zu k\u00f6nnen, die das t\u00e4gliche Leben bettl\u00e4geriger Patienten erleichtern und deren Pflegeerfahrung verbessern. Unsere Produkte mit Silberionen- und Biopolymerschichten werden sorgf\u00e4ltig hergestellt, um die h\u00f6chsten Hygiene- und Sicherheitsstandards f\u00fcr Patienten und Pflegepersonal zu gew\u00e4hrleisten. Jedes Produkt in unserem Katalog wurde sorgf\u00e4ltig nach Benutzerfreundlichkeit, Haltbarkeit und Wirksamkeit ausgew\u00e4hlt. Entdecken Sie unsere Produktpalette und sorgen Sie f\u00fcr die beste Pflege f\u00fcr Ihre Lieben!<\/p>\t\t\t\t\t\t\t\t<\/div>\n\t\t\t\t<\/div>\n\t\t\t\t\t<\/div>\n\t\t\t\t<\/div>\n\t\t<div class=\"elementor-element elementor-element-bbca3d9 e-flex e-con-boxed e-con e-parent\" data-id=\"bbca3d9\" data-element_type=\"container\" data-e-type=\"container\">\n\t\t\t\t\t<div class=\"e-con-inner\">\n\t\t\t\t<div class=\"elementor-element elementor-element-0195005 elementor-widget elementor-widget-text-editor\" data-id=\"0195005\" data-element_type=\"widget\" data-e-type=\"widget\" data-widget_type=\"text-editor.default\">\n\t\t\t\t<div class=\"elementor-widget-container\">\n\t\t\t\t\t\t\t\t\t<div class=\"df-element df-lite\"  data-slug=\"catalog-cey\" data-_slug=\"catalog-cey\" data-title=\"catalog\" id=\"df_15768625\" data-option=\"df_option_15768625\" ><\/div><script class=\"df-shortcode-script\" type=\"application\/javascript\">window.df_option_15768625 = {\"source\":\"https:\\\/\\\/doctorsilverion.com\\\/wp-content\\\/uploads\\\/2024\\\/10\\\/Catalog.pdf\",\"viewerType\":\"flipbook\",\"slug\":\"catalog-cey\",\"id\":15768625}; if(window.DEARPDF && window.DEARPDF.parseElements){window.DEARPDF.parseElements();}<\/script>\t\t\t\t\t\t\t\t<\/div>\n\t\t\t\t<\/div>\n\t\t\t\t\t<\/div>\n\t\t\t\t<\/div>\n\t\t\t\t<\/div>\n\t\t","protected":false},"excerpt":{"rendered":"<p>Wir von Doctor Silver Ion sind stolz darauf, innovative und qualitativ hochwertige Produkte anbieten zu k\u00f6nnen, die das t\u00e4gliche Leben bettl\u00e4geriger Patienten erleichtern und deren Pflegeerfahrung verbessern. Unsere Produkte mit Silberionen- und Biopolymerschichten werden sorgf\u00e4ltig hergestellt, um die h\u00f6chsten Hygiene- und Sicherheitsstandards f\u00fcr Patienten und Pflegepersonal zu gew\u00e4hrleisten. Jedes Produkt in unserem Katalog wurde sorgf\u00e4ltig [&#8230;]\n","protected":false},"author":1,"featured_media":0,"parent":0,"menu_order":0,"comment_status":"closed","ping_status":"closed","template":"","meta":{"footnotes":""},"class_list":["post-15773941","page","type-page","status-publish","hentry"],"_links":{"self":[{"href":"https:\/\/doctorsilverion.com\/de\/wp-json\/wp\/v2\/pages\/15773941","targetHints":{"allow":["GET"]}}],"collection":[{"href":"https:\/\/doctorsilverion.com\/de\/wp-json\/wp\/v2\/pages"}],"about":[{"href":"https:\/\/doctorsilverion.com\/de\/wp-json\/wp\/v2\/types\/page"}],"author":[{"embeddable":true,"href":"https:\/\/doctorsilverion.com\/de\/wp-json\/wp\/v2\/users\/1"}],"replies":[{"embeddable":true,"href":"https:\/\/doctorsilverion.com\/de\/wp-json\/wp\/v2\/comments?post=15773941"}],"version-history":[{"count":1,"href":"https:\/\/doctorsilverion.com\/de\/wp-json\/wp\/v2\/pages\/15773941\/revisions"}],"predecessor-version":[{"id":15773942,"href":"https:\/\/doctorsilverion.com\/de\/wp-json\/wp\/v2\/pages\/15773941\/revisions\/15773942"}],"wp:attachment":[{"href":"https:\/\/doctorsilverion.com\/de\/wp-json\/wp\/v2\/media?parent=15773941"}],"curies":[{"name":"wp","href":"https:\/\/api.w.org\/{rel}","templated":true}]}}