{"id":15773922,"date":"2024-02-26T15:59:49","date_gmt":"2024-02-26T12:59:49","guid":{"rendered":"https:\/\/doctorsilverion.com\/lieferung-und-rueckgabe\/"},"modified":"2025-08-01T02:43:32","modified_gmt":"2025-07-31T23:43:32","slug":"lieferung-und-rueckgabe","status":"publish","type":"page","link":"https:\/\/doctorsilverion.com\/de\/lieferung-und-rueckgabe\/","title":{"rendered":"Lieferung und R\u00fcckgabe"},"content":{"rendered":"\n<p><strong>R\u00fcckgabe- und Erstattungsbedingungen<\/strong><\/p>\n\n<p><strong>Zuletzt aktualisiert:<\/strong> 30. Oktober 2023<\/p>\n\n<p><strong>Vielen Dank f\u00fcr Ihren Einkauf bei Doctor Silver Ion.<\/strong><\/p>\n\n<p>Die Lieferzeit f\u00fcr Ihre Eink\u00e4ufe auf unserer Website betr\u00e4gt in der Regel 1-3 Werktage und die R\u00fcckgabefrist 14 Tage.<\/p>\n\n<hr class=\"wp-block-separator has-alpha-channel-opacity\"\/>\n\n<h3 class=\"wp-block-heading\"><strong>Auslegung und Definitionen<\/strong><\/h3>\n\n<h4 class=\"wp-block-heading\"><strong>Auslegung<\/strong><\/h4>\n\n<p>Gro\u00dfgeschriebene W\u00f6rter haben die in den folgenden Begriffen definierte Bedeutung. Die folgenden Definitionen haben dieselbe Bedeutung, unabh\u00e4ngig davon, ob sie im Singular oder im Plural verwendet werden. <\/p>\n\n<h4 class=\"wp-block-heading\"><strong>Definitionen<\/strong><\/h4>\n\n<p>F\u00fcr die Zwecke dieser R\u00fcckgabe- und Erstattungsrichtlinie:<\/p>\n\n<ul class=\"wp-block-list\">\n<li><strong>Das Unternehmen<\/strong> (in diesem Vertrag als &#8222;Unternehmen&#8220;, &#8222;wir&#8220;, &#8222;uns&#8220; oder &#8222;unser&#8220; bezeichnet), <strong>Race Ic Dis Dizayn San.<\/strong><strong> Tic.<\/strong><strong> Ltd. \u015eti., Alt\u0131nova Mahallesi Fuar Cad.<\/strong><strong> No:61 E Blok Kat:4 Ofis:4319 Osmangazi\/BURSA, 16090 TURKEY.<\/strong><\/li>\n\n\n\n<li><strong>Produkte<\/strong> bezieht sich auf die Produkte, die im Rahmen des Dienstes zum Verkauf angeboten werden.<\/li>\n\n\n\n<li><strong>Bestellungen<\/strong> beziehen sich auf Anfragen, die Sie machen, um Produkte von uns zu kaufen.<\/li>\n\n\n\n<li>Der <strong>Dienst<\/strong> bezieht sich auf die Website.<\/li>\n\n\n\n<li><strong>Die Website<\/strong> <strong>Doctor Silver Ion<\/strong> kann unter <a href=\"https:\/\/doctorsilverion.com\/de\/\">doctorsilverion.com<\/a> aufgerufen werden.<\/li>\n\n\n\n<li><strong>Sie<\/strong> beziehen sich auf die Einzelperson, ein Unternehmen oder eine juristische Person, die auf den Dienst zugreift oder ihn nutzt.<\/li>\n<\/ul>\n\n<hr class=\"wp-block-separator has-alpha-channel-opacity\"\/>\n\n<h3 class=\"wp-block-heading\"><strong>Ihr Recht auf Stornierung der Bestellung<\/strong><\/h3>\n\n<p>Sie haben das Recht, Ihre Bestellung innerhalb von 14 Tagen ohne Angabe von Gr\u00fcnden zu widerrufen.<\/p>\n\n<p>Die Frist f\u00fcr die Stornierung einer Bestellung betr\u00e4gt 14 Tage ab dem Tag, an dem Sie die Produkte erhalten haben, oder ab dem Tag, an dem ein von Ihnen benannter Dritter, der kein Transporteur ist, die gelieferten Produkte erhalten hat.<\/p>\n\n<p>Um Ihr Widerrufsrecht auszu\u00fcben, m\u00fcssen Sie uns Ihre Entscheidung in einer eindeutigen Erkl\u00e4rung mitteilen. Sie k\u00f6nnen uns Ihre Entscheidung auf die folgenden Arten mitteilen: <\/p>\n\n<ul class=\"wp-block-list\">\n<li>E-Mail: <strong><a>info@doctorsilverion.com<\/a><\/strong><\/li>\n\n\n\n<li>Besuchen Sie unsere Website: <strong><a href=\"https:\/\/doctorsilverion.com\/de\/\">doctorsilverion.com<\/a><\/strong><\/li>\n<\/ul>\n\n<p>Wir erstatten Ihnen den Betrag sp\u00e4testens 14 Tage nach Erhalt der zur\u00fcckgesandten Produkte. Die R\u00fcckerstattung erfolgt \u00fcber dieselbe Zahlungsmethode, die Sie f\u00fcr die Bestellung verwendet haben, und es fallen keine Geb\u00fchren f\u00fcr diese R\u00fcckerstattung an. <\/p>\n\n<hr class=\"wp-block-separator has-alpha-channel-opacity\"\/>\n\n<h3 class=\"wp-block-heading\"><strong>R\u00fcckgabebedingungen<\/strong><\/h3>\n\n<p>Damit die Waren f\u00fcr eine R\u00fccksendung in Frage kommen, stellen Sie bitte sicher, dass Sie die folgenden Bedingungen erf\u00fcllen:<\/p>\n\n<ul class=\"wp-block-list\">\n<li>Die Artikel m\u00fcssen innerhalb der letzten 14 Tage gekauft worden sein.<\/li>\n\n\n\n<li>Die Produkte m\u00fcssen in der Originalverpackung sein.<\/li>\n<\/ul>\n\n<p>Die folgenden Produkte k\u00f6nnen nicht zur\u00fcckgegeben werden:<\/p>\n\n<ul class=\"wp-block-list\">\n<li>Nach Ihren W\u00fcnschen hergestellte oder personalisierte Produkte.<\/li>\n\n\n\n<li>Waren, die aufgrund ihrer Beschaffenheit nicht f\u00fcr eine R\u00fccksendung geeignet sind, schnell verderben oder deren Verfallsdatum \u00fcberschritten wird.<\/li>\n\n\n\n<li>Produkte, die aus Gr\u00fcnden des Gesundheitsschutzes oder der Hygiene nicht zur R\u00fcckgabe geeignet sind und deren Verpackung nach der Lieferung ge\u00f6ffnet wurde.<\/li>\n\n\n\n<li>Produkte, die nach der Lieferung naturgem\u00e4\u00df untrennbar mit anderen Produkten vermischt sind.<\/li>\n<\/ul>\n\n<p>Wir behalten uns das Recht vor, nach eigenem Ermessen die R\u00fcckgabe von Produkten zu verweigern, die die oben genannten R\u00fcckgabebedingungen nicht erf\u00fcllen.<\/p>\n\n<p>R\u00fcckerstattungen sind nur f\u00fcr Produkte zum regul\u00e4ren Preis m\u00f6glich. F\u00fcr erm\u00e4\u00dfigte Produkte sind leider keine R\u00fcckerstattungen m\u00f6glich. Dies gilt m\u00f6glicherweise nicht f\u00fcr Sie, wenn dies nach geltendem Recht nicht zul\u00e4ssig ist.  <\/p>\n\n<hr class=\"wp-block-separator has-alpha-channel-opacity\"\/>\n\n<h3 class=\"wp-block-heading\"><strong>R\u00fcckgabe von Produkten<\/strong><\/h3>\n\n<p>Sie senden die Produkte auf eigene Kosten und Gefahr an uns zur\u00fcck. Sie m\u00fcssen die Produkte senden an: <\/p>\n\n<p><strong>Altinova Mahallesi Fuar Cad. No:61 E Blok Floor:4 Office:4319 Osmangazi\/BURSA, 16090 TURKEY. <\/strong><\/p>\n\n<p>Wir k\u00f6nnen nicht f\u00fcr Artikel verantwortlich gemacht werden, die beim R\u00fcckversand besch\u00e4digt werden oder verloren gehen. Wir empfehlen Ihnen daher, einen versicherten und verfolgbaren Postdienst zu verwenden. Ohne einen Nachweis \u00fcber den Erhalt der Ware durch uns oder einen Nachweis \u00fcber die R\u00fccksendung k\u00f6nnen wir keine R\u00fcckerstattung gew\u00e4hren.  <\/p>\n\n<hr class=\"wp-block-separator has-alpha-channel-opacity\"\/>\n\n<h3 class=\"wp-block-heading\"><strong>Kontakt<\/strong><\/h3>\n\n<p>Wenn Sie Fragen zu unseren R\u00fcckgabe- und Erstattungsrichtlinien haben, kontaktieren Sie uns bitte:<\/p>\n\n<ul class=\"wp-block-list\">\n<li>E-Mail: <strong><a>info@doctorsilverion.com<\/a><\/strong><\/li>\n\n\n\n<li>Besuchen Sie unsere Website: <strong><a href=\"https:\/\/doctorsilverion.com\/de\/\">https:\/\/doctorsilverion.com<\/a><\/strong><\/li>\n<\/ul>\n\n<hr class=\"wp-block-separator has-alpha-channel-opacity\"\/>\n\n<p>Bitte lassen Sie mich wissen, wenn Sie \u00c4nderungen oder Erg\u00e4nzungen w\u00fcnschen!<\/p>\n","protected":false},"excerpt":{"rendered":"<p>R\u00fcckgabe- und Erstattungsbedingungen Zuletzt aktualisiert: 30. Oktober 2023 Vielen Dank f\u00fcr Ihren Einkauf bei Doctor Silver Ion. Die Lieferzeit f\u00fcr Ihre Eink\u00e4ufe auf unserer Website betr\u00e4gt in der Regel 1-3 Werktage und die R\u00fcckgabefrist 14 Tage. Auslegung und Definitionen Auslegung Gro\u00dfgeschriebene W\u00f6rter haben die in den folgenden Begriffen definierte Bedeutung. Die folgenden Definitionen haben dieselbe [&#8230;]\n","protected":false},"author":1,"featured_media":0,"parent":0,"menu_order":0,"comment_status":"closed","ping_status":"closed","template":"page-blank-title-center.php","meta":{"footnotes":""},"class_list":["post-15773922","page","type-page","status-publish","hentry"],"_links":{"self":[{"href":"https:\/\/doctorsilverion.com\/de\/wp-json\/wp\/v2\/pages\/15773922","targetHints":{"allow":["GET"]}}],"collection":[{"href":"https:\/\/doctorsilverion.com\/de\/wp-json\/wp\/v2\/pages"}],"about":[{"href":"https:\/\/doctorsilverion.com\/de\/wp-json\/wp\/v2\/types\/page"}],"author":[{"embeddable":true,"href":"https:\/\/doctorsilverion.com\/de\/wp-json\/wp\/v2\/users\/1"}],"replies":[{"embeddable":true,"href":"https:\/\/doctorsilverion.com\/de\/wp-json\/wp\/v2\/comments?post=15773922"}],"version-history":[{"count":1,"href":"https:\/\/doctorsilverion.com\/de\/wp-json\/wp\/v2\/pages\/15773922\/revisions"}],"predecessor-version":[{"id":15773923,"href":"https:\/\/doctorsilverion.com\/de\/wp-json\/wp\/v2\/pages\/15773922\/revisions\/15773923"}],"wp:attachment":[{"href":"https:\/\/doctorsilverion.com\/de\/wp-json\/wp\/v2\/media?parent=15773922"}],"curies":[{"name":"wp","href":"https:\/\/api.w.org\/{rel}","templated":true}]}}