{"id":15773910,"date":"2024-12-26T12:06:10","date_gmt":"2024-12-26T09:06:10","guid":{"rendered":"https:\/\/doctorsilverion.com\/bedingungen-und-konditionen\/"},"modified":"2025-08-01T02:04:07","modified_gmt":"2025-07-31T23:04:07","slug":"bedingungen-und-konditionen","status":"publish","type":"page","link":"https:\/\/doctorsilverion.com\/de\/bedingungen-und-konditionen\/","title":{"rendered":"Bedingungen und Konditionen"},"content":{"rendered":"\n<h2 class=\"wp-block-heading\"><strong>Bedingungen und Konditionen<\/strong><\/h2>\n\n<p><strong>Willkommen bei Doctor Silver Ion!<\/strong><\/p>\n\n<p>Diese Bedingungen beschreiben die Regeln und Vorschriften f\u00fcr die Nutzung der Website von <strong>Race Ic Dis Dizayn San.Tic.Ltd.\u015eti.<\/strong>unter der Adresse <strong><a href=\"http:\/\/doctorsilverion.com\">http:\/\/doctorsilverion.com.<\/a><\/strong><\/p>\n\n<p>Durch den Zugriff auf diese Website gehen wir davon aus, dass Sie diese Bedingungen und Konditionen akzeptieren. Wenn Sie nicht mit allen auf dieser Seite genannten Bedingungen einverstanden sind, d\u00fcrfen Sie <strong>Doctor Silver Ion<\/strong>nicht weiter nutzen. <\/p>\n\n<p>Diese Bedingungen umfassen die Datenschutzrichtlinie und den Haftungsausschluss sowie die f\u00fcr alle Vereinbarungen verwendete Terminologie: &#8222;Kunde&#8220;, &#8222;Sie&#8220; und &#8222;Ihr&#8220; bezieht sich auf die Person, die sich auf dieser Website anmeldet und die Bedingungen des Unternehmens einh\u00e4lt. &#8222;Unternehmen&#8220;, &#8222;wir&#8220;, &#8222;uns&#8220;, &#8222;uns&#8220; und &#8222;unser&#8220; bezieht sich auf unser Unternehmen. &#8222;Partei&#8220;, &#8222;Parteien&#8220; oder &#8222;uns&#8220; bezieht sich sowohl auf den Kunden als auch auf uns. Alle Begriffe beziehen sich auf den Prozess der Durchf\u00fchrung des Angebots, der Annahme und der Zahlungstransaktionen, die erforderlich sind, um die Bed\u00fcrfnisse des Kunden zum Zweck der Erbringung der spezifizierten Dienstleistungen des Unternehmens in \u00dcbereinstimmung mit dem geltenden t\u00fcrkischen Recht zu erf\u00fcllen. Es wird vereinbart, dass die obige Terminologie oder die Verwendung des Singulars, des Plurals, der Gro\u00dfschreibung und\/oder &#8222;er&#8220; oder &#8222;sie&#8220; austauschbar verwendet werden k\u00f6nnen und als gleichbedeutend zu betrachten sind.    <\/p>\n\n<h3 class=\"wp-block-heading\">Cookies<\/h3>\n\n<p>Wir haben uns f\u00fcr die Verwendung von Cookies entschieden. Durch die Nutzung von <strong>Doctor Silver Ion<\/strong>erkl\u00e4ren Sie sich mit der Verwendung von Cookies in \u00dcbereinstimmung mit der Datenschutzrichtlinie von <strong>Race Ic Dis Dizayn San.Tic.Ltd.\u015eti.<\/strong>einverstanden.<\/p>\n\n<p>Die meisten interaktiven Websites verwenden Cookies, um bei jedem Besuch Benutzerinformationen abzurufen. Cookies werden verwendet, um die Funktionalit\u00e4t bestimmter Bereiche unserer Website zu gew\u00e4hrleisten und den Besuchern die Nutzung unserer Website zu erleichtern. Einige unserer Tochtergesellschaften und Werbepartner k\u00f6nnen ebenfalls Cookies verwenden.  <\/p>\n\n<h3 class=\"wp-block-heading\">Lizenz<\/h3>\n\n<p>Sofern nicht anders angegeben, liegen die Rechte am geistigen Eigentum aller Materialien auf dieser Website bei <strong>Race Ic Dis Dizayn San.Tic.Ltd.\u015eti.<\/strong> und\/oder ihren Lizenzgebern. Alle Rechte am geistigen Eigentum sind vorbehalten. Der Zugang zu <strong>Doctor Silver Ion<\/strong>ist nur f\u00fcr den pers\u00f6nlichen Gebrauch gestattet und unterliegt den in diesen Bedingungen und Konditionen festgelegten Einschr\u00e4nkungen. <\/p>\n\n<p><strong>Sie d\u00fcrfen Folgendes nicht tun<\/strong><\/p>\n\n<ul class=\"wp-block-list\">\n<li>Wiederver\u00f6ffentlichung von Material von <strong>Doctor Silver Ion<\/strong><\/li>\n\n\n\n<li>Verkauf, Vermietung oder Unterlizenzierung von Materialien von <strong>Doctor Silver Ion<\/strong><\/li>\n\n\n\n<li>Reproduzieren, Kopieren oder Erstellen von Kopien von Material von <strong>Doctor Silver Ion<\/strong><\/li>\n\n\n\n<li>Verteilen Sie den Inhalt von <strong>Doctor Silver Ion<\/strong><\/li>\n<\/ul>\n\n<p>Einige Teile der Website bieten Nutzern die M\u00f6glichkeit, ihre Meinungen und Informationen in bestimmten Bereichen zu ver\u00f6ffentlichen und auszutauschen. <strong>Race Ic Dis Dizayn San.Tic.Ltd.\u015eti.<\/strong> filtert, bearbeitet, ver\u00f6ffentlicht oder \u00fcberpr\u00fcft Kommentare nicht, bevor sie auf der Website ver\u00f6ffentlicht werden. Die Kommentare spiegeln nicht die Ansichten und Meinungen von <strong>Race Ic Dis Dizayn San.Tic.Ltd.\u015eti.<\/strong>, seinen Vertretern und\/oder verbundenen Unternehmen wider. Kommentare dr\u00fccken nur die Ansichten und Meinungen der Person aus, die den Kommentar abgibt. Soweit gesetzlich zul\u00e4ssig, \u00fcbernimmt <strong>Race Ic Disayn San.Tic.Ltd.\u015eti.<\/strong> keine Haftung f\u00fcr Sch\u00e4den oder Kosten, die durch die Kommentare verursacht oder erlitten werden.   <\/p>\n\n<p><strong>Race Ic Dis Dizayn San.Tic.Ltd.\u015eti.<\/strong> beh\u00e4lt sich das Recht vor, alle Kommentare zu \u00fcberwachen und alle Kommentare zu entfernen, die unangemessen oder beleidigend sind oder gegen die vorliegenden Bedingungen versto\u00dfen.<\/p>\n\n<p><strong>Sie verpflichten sich und erkl\u00e4ren Folgendes:<\/strong><\/p>\n\n<ol class=\"wp-block-list\">\n<li>dass Sie das Recht haben, Kommentare auf unserer Website zu ver\u00f6ffentlichen, und dass Sie \u00fcber alle daf\u00fcr erforderlichen Lizenzen und Genehmigungen verf\u00fcgen;<\/li>\n\n\n\n<li>Die Kommentare verletzen nicht die Rechte am geistigen Eigentum Dritter, wie z. B. Urheberrechte, Patente oder Warenzeichen;<\/li>\n\n\n\n<li>Die Kommentare enthalten kein diffamierendes, verleumderisches, beleidigendes, obsz\u00f6nes oder illegales Material und verletzen nicht die Privatsph\u00e4re;<\/li>\n\n\n\n<li>Die Kommentare werden nicht zur F\u00f6rderung kommerzieller Aktivit\u00e4ten oder illegaler Veranstaltungen verwendet.<\/li>\n<\/ol>\n\n<p>Sie gew\u00e4hren <strong>Race Ic Dis Dizayn San.Tic.Ltd.\u015eti.<\/strong>eine nicht ausschlie\u00dfliche Lizenz zur Nutzung, Vervielf\u00e4ltigung und Bearbeitung Ihrer Kommentare sowie zur Erm\u00e4chtigung anderer zur Nutzung, Vervielf\u00e4ltigung und Bearbeitung Ihrer Kommentare in jeder Form, jedem Format und jedem Medium.<\/p>\n\n<hr class=\"wp-block-separator has-alpha-channel-opacity\"\/>\n\n<h3 class=\"wp-block-heading\">\u00dcber Verbindungen<\/h3>\n\n<p>Die folgenden Organisationen d\u00fcrfen ohne vorherige schriftliche Genehmigung auf unsere Website verlinken:<\/p>\n\n<ul class=\"wp-block-list\">\n<li>Staatliche Einrichtungen;<\/li>\n\n\n\n<li>Suchmaschinen;<\/li>\n\n\n\n<li>Nachrichtenorganisationen;<\/li>\n\n\n\n<li>Online-Verzeichnisverteiler k\u00f6nnen auf unsere Website verlinken, so wie sie auch auf die Websites anderer Unternehmen verlinken;<\/li>\n\n\n\n<li>Ausgenommen sind systemweit zugelassene Unternehmen, Wohlt\u00e4tigkeitsorganisationen, die keine Spenden sammeln, Wohlt\u00e4tigkeits-Einkaufszentren und Wohlt\u00e4tigkeits-Fundraising-Gruppen.<\/li>\n<\/ul>\n\n<p>Diese Organisationen sind das Bindeglied:<br\/>(a) nicht irref\u00fchrend;<br\/>(b) nicht f\u00e4lschlicherweise den Eindruck erweckt, dass die verlinkende Partei und ihre Produkte\/Dienstleistungen gesponsert, gebilligt oder unterst\u00fctzt werden;<br\/>(c) einen Link zu unserer Homepage, zu Ver\u00f6ffentlichungen oder zu anderen Informationen auf der Website einrichten k\u00f6nnen, sofern dies im Kontext der Website der verlinkenden Partei angemessen ist.<\/p>\n\n<hr class=\"wp-block-separator has-alpha-channel-opacity\"\/>\n\n<h3 class=\"wp-block-heading\">Frames (iFrames)<\/h3>\n\n<p>Sie d\u00fcrfen keine Frames erstellen, die die visuelle Darstellung oder das Aussehen unserer Webseiten in irgendeiner Weise ver\u00e4ndern.<\/p>\n\n<hr class=\"wp-block-separator has-alpha-channel-opacity\"\/>\n\n<h3 class=\"wp-block-heading\">Haftungsverzicht<\/h3>\n\n<p>Solange unsere Website und ihr Inhalt kostenlos zur Verf\u00fcgung gestellt werden, haften wir in keiner Weise f\u00fcr Sch\u00e4den oder Verluste jeglicher Art.<\/p>\n","protected":false},"excerpt":{"rendered":"<p>Bedingungen und Konditionen Willkommen bei Doctor Silver Ion! Diese Bedingungen beschreiben die Regeln und Vorschriften f\u00fcr die Nutzung der Website von Race Ic Dis Dizayn San.Tic.Ltd.\u015eti.unter der Adresse http:\/\/doctorsilverion.com. Durch den Zugriff auf diese Website gehen wir davon aus, dass Sie diese Bedingungen und Konditionen akzeptieren. Wenn Sie nicht mit allen auf dieser Seite genannten [&#8230;]\n","protected":false},"author":1,"featured_media":0,"parent":0,"menu_order":0,"comment_status":"closed","ping_status":"closed","template":"page-blank-title-center.php","meta":{"footnotes":""},"class_list":["post-15773910","page","type-page","status-publish","hentry"],"_links":{"self":[{"href":"https:\/\/doctorsilverion.com\/de\/wp-json\/wp\/v2\/pages\/15773910","targetHints":{"allow":["GET"]}}],"collection":[{"href":"https:\/\/doctorsilverion.com\/de\/wp-json\/wp\/v2\/pages"}],"about":[{"href":"https:\/\/doctorsilverion.com\/de\/wp-json\/wp\/v2\/types\/page"}],"author":[{"embeddable":true,"href":"https:\/\/doctorsilverion.com\/de\/wp-json\/wp\/v2\/users\/1"}],"replies":[{"embeddable":true,"href":"https:\/\/doctorsilverion.com\/de\/wp-json\/wp\/v2\/comments?post=15773910"}],"version-history":[{"count":1,"href":"https:\/\/doctorsilverion.com\/de\/wp-json\/wp\/v2\/pages\/15773910\/revisions"}],"predecessor-version":[{"id":15773911,"href":"https:\/\/doctorsilverion.com\/de\/wp-json\/wp\/v2\/pages\/15773910\/revisions\/15773911"}],"wp:attachment":[{"href":"https:\/\/doctorsilverion.com\/de\/wp-json\/wp\/v2\/media?parent=15773910"}],"curies":[{"name":"wp","href":"https:\/\/api.w.org\/{rel}","templated":true}]}}