{"id":15773906,"date":"2024-12-26T12:21:11","date_gmt":"2024-12-26T09:21:11","guid":{"rendered":"https:\/\/doctorsilverion.com\/datenschutzbestimmungen\/"},"modified":"2025-08-01T01:15:11","modified_gmt":"2025-07-31T22:15:11","slug":"datenschutzbestimmungen","status":"publish","type":"page","link":"https:\/\/doctorsilverion.com\/de\/datenschutzbestimmungen\/","title":{"rendered":"Datenschutzbestimmungen"},"content":{"rendered":"\n<p><strong>Wer wir sind<\/strong><br\/>Unsere Website-Adresse: <a href=\"https:\/\/doctorsilverion.com\/de\/\">https:\/\/doctorsilverion.com<\/a>.<\/p>\n\n<hr class=\"wp-block-separator has-alpha-channel-opacity\"\/>\n\n<h3 class=\"wp-block-heading\"><strong>Kommentare<\/strong><\/h3>\n\n<p>Wenn Besucher auf unserer Website einen Kommentar abgeben, erfassen wir die im Kommentarformular angezeigten Daten zusammen mit der IP-Adresse des Besuchers und dem User-Agent-String des Browsers, die zur Spam-Erkennung verwendet werden.<\/p>\n\n<p>Eine anonymisierte Zeichenkette (auch als Hash bekannt), die aus Ihrer E-Mail-Adresse generiert wird, kann dem Gravatar-Dienst zur Verf\u00fcgung gestellt werden.<\/p>\n\n<hr class=\"wp-block-separator has-alpha-channel-opacity\"\/>\n\n<h3 class=\"wp-block-heading\"><strong>Medien<\/strong><\/h3>\n\n<p>Wenn Sie Bilder auf die Website hochladen, sollten Sie es vermeiden, Bilder mit eingebetteten Standortdaten (EXIF-GPS) hochzuladen. Die Besucher der Website k\u00f6nnen Standortdaten aus den Bildern herunterladen und extrahieren. <\/p>\n\n<hr class=\"wp-block-separator has-alpha-channel-opacity\"\/>\n\n<h3 class=\"wp-block-heading\"><strong>Cookies<\/strong><\/h3>\n\n<ul class=\"wp-block-list\">\n<li>Wenn Sie einen Kommentar auf unserer Website hinterlassen, k\u00f6nnen Sie festlegen, dass Ihr Name, Ihre E-Mail-Adresse und Ihre Website in Cookies gespeichert werden. Dies geschieht, damit Sie Ihre Daten nicht erneut eingeben m\u00fcssen, wenn Sie einen weiteren Kommentar hinterlassen. Diese Cookies bleiben ein Jahr lang gespeichert.  <\/li>\n\n\n\n<li>Wenn Sie unsere Homepage besuchen, setzen wir ein tempor\u00e4res Cookie, um festzustellen, ob Ihr Browser Cookies zul\u00e4sst. Dieses Cookie enth\u00e4lt keine pers\u00f6nlichen Daten und wird gel\u00f6scht, wenn Sie Ihren Browser schlie\u00dfen. <\/li>\n\n\n\n<li>Wenn Sie sich anmelden, setzen wir mehrere Cookies, um Ihre Anmeldedaten und Bildschirmeinstellungen zu speichern. Login-Cookies bleiben zwei Tage lang gespeichert, Cookies f\u00fcr Bildschirmoptionen ein Jahr lang. Wenn Sie die Option &#8222;Remember Me&#8220; w\u00e4hlen, werden Ihre Anmeldedaten f\u00fcr zwei Wochen gespeichert. Login-Cookies werden entfernt, wenn Sie sich von Ihrem Konto abmelden.   <\/li>\n\n\n\n<li>Wenn Sie einen Artikel bearbeiten oder ver\u00f6ffentlichen, wird ein zus\u00e4tzliches Cookie in Ihrem Browser gespeichert. Dieses Cookie enth\u00e4lt keine pers\u00f6nlichen Daten und zeigt nur die Post-ID des Artikels an, den Sie bearbeitet haben. L\u00e4uft nach 1 Tag ab.  <\/li>\n<\/ul>\n\n<hr class=\"wp-block-separator has-alpha-channel-opacity\"\/>\n\n<h3 class=\"wp-block-heading\"><strong>Eingebettete Inhalte von anderen Websites<\/strong><\/h3>\n\n<p>Die Artikel auf dieser Website k\u00f6nnen eingebettete Inhalte (z. B. Videos, Bilder, Artikel usw.) enthalten. Eingebettete Inhalte von anderen Websites verhalten sich so, wie wenn der Besucher diese anderen Websites besucht. <\/p>\n\n<p>Diese Websites k\u00f6nnen Daten \u00fcber Sie sammeln, Cookies verwenden, Tracking von Dritten einbetten und Ihre Interaktion mit diesen eingebetteten Inhalten \u00fcberwachen. Wenn Sie auf diesen Websites ein Konto angemeldet haben, kann dieses Tracking ebenfalls enthalten sein. <\/p>\n\n<hr class=\"wp-block-separator has-alpha-channel-opacity\"\/>\n\n<h3 class=\"wp-block-heading\"><strong>Mit wem wir Ihre Daten teilen<\/strong><\/h3>\n\n<p>Wenn Sie ein neues Passwort anfordern, wird Ihre IP-Adresse in der E-Mail mit dem neuen Passwort angegeben.<\/p>\n\n<hr class=\"wp-block-separator has-alpha-channel-opacity\"\/>\n\n<h3 class=\"wp-block-heading\"><strong>Wie lange wir Ihre Daten aufbewahren<\/strong><\/h3>\n\n<p>Wenn Sie einen Kommentar hinterlassen, werden der Kommentar und seine Metadaten auf unbestimmte Zeit gespeichert. Dies geschieht, um sicherzustellen, dass Folgekommentare automatisch erkannt und genehmigt werden. <\/p>\n\n<p>F\u00fcr die auf unserer Website registrierten Benutzer (falls vorhanden) speichern wir auch die pers\u00f6nlichen Daten, die sie im Benutzerprofil angeben. Alle Nutzer k\u00f6nnen ihre pers\u00f6nlichen Daten jederzeit einsehen, bearbeiten oder l\u00f6schen (sie k\u00f6nnen ihren Benutzernamen nicht \u00e4ndern). Auch die Administratoren der Website k\u00f6nnen diese Informationen einsehen und bearbeiten.  <\/p>\n\n<hr class=\"wp-block-separator has-alpha-channel-opacity\"\/>\n\n<h3 class=\"wp-block-heading\"><strong>Ihre Rechte an Ihren Daten<\/strong><\/h3>\n\n<p>Wenn Sie ein Konto auf dieser Website haben oder einen Kommentar hinterlassen haben, k\u00f6nnen Sie eine Exportdatei Ihrer pers\u00f6nlichen Daten, die wir besitzen, anfordern. Dazu geh\u00f6ren alle Daten, die Sie uns zur Verf\u00fcgung gestellt haben. Sie k\u00f6nnen auch verlangen, dass wir Ihre bei uns gespeicherten personenbezogenen Daten l\u00f6schen. Dies gilt nicht f\u00fcr Daten, die wir aus administrativen, rechtlichen oder Sicherheitsgr\u00fcnden aufbewahren m\u00fcssen.   <\/p>\n\n<hr class=\"wp-block-separator has-alpha-channel-opacity\"\/>\n\n<h3 class=\"wp-block-heading\"><strong>Wohin Ihre Daten gesendet werden<\/strong><\/h3>\n\n<p>Besucherkommentare k\u00f6nnen durch einen automatischen Spam-Erkennungsdienst \u00fcberpr\u00fcft werden.<\/p>\n\n<hr class=\"wp-block-separator has-alpha-channel-opacity\"\/>\n\n<p><strong>Bei Fragen k\u00f6nnen Sie uns gerne kontaktieren.<\/strong><\/p>\n","protected":false},"excerpt":{"rendered":"<p>Wer wir sindUnsere Website-Adresse: https:\/\/doctorsilverion.com. Kommentare Wenn Besucher auf unserer Website einen Kommentar abgeben, erfassen wir die im Kommentarformular angezeigten Daten zusammen mit der IP-Adresse des Besuchers und dem User-Agent-String des Browsers, die zur Spam-Erkennung verwendet werden. Eine anonymisierte Zeichenkette (auch als Hash bekannt), die aus Ihrer E-Mail-Adresse generiert wird, kann dem Gravatar-Dienst zur Verf\u00fcgung [&#8230;]\n","protected":false},"author":1,"featured_media":0,"parent":0,"menu_order":0,"comment_status":"closed","ping_status":"closed","template":"page-blank-title-center.php","meta":{"footnotes":""},"class_list":["post-15773906","page","type-page","status-publish","hentry"],"_links":{"self":[{"href":"https:\/\/doctorsilverion.com\/de\/wp-json\/wp\/v2\/pages\/15773906","targetHints":{"allow":["GET"]}}],"collection":[{"href":"https:\/\/doctorsilverion.com\/de\/wp-json\/wp\/v2\/pages"}],"about":[{"href":"https:\/\/doctorsilverion.com\/de\/wp-json\/wp\/v2\/types\/page"}],"author":[{"embeddable":true,"href":"https:\/\/doctorsilverion.com\/de\/wp-json\/wp\/v2\/users\/1"}],"replies":[{"embeddable":true,"href":"https:\/\/doctorsilverion.com\/de\/wp-json\/wp\/v2\/comments?post=15773906"}],"version-history":[{"count":1,"href":"https:\/\/doctorsilverion.com\/de\/wp-json\/wp\/v2\/pages\/15773906\/revisions"}],"predecessor-version":[{"id":15773907,"href":"https:\/\/doctorsilverion.com\/de\/wp-json\/wp\/v2\/pages\/15773906\/revisions\/15773907"}],"wp:attachment":[{"href":"https:\/\/doctorsilverion.com\/de\/wp-json\/wp\/v2\/media?parent=15773906"}],"curies":[{"name":"wp","href":"https:\/\/api.w.org\/{rel}","templated":true}]}}