{"id":15773898,"date":"2023-06-13T08:42:55","date_gmt":"2023-06-13T05:42:55","guid":{"rendered":"https:\/\/doctorsilverion.com\/test-ergebnisse\/"},"modified":"2025-08-01T00:52:56","modified_gmt":"2025-07-31T21:52:56","slug":"test-ergebnisse","status":"publish","type":"page","link":"https:\/\/doctorsilverion.com\/de\/test-ergebnisse\/","title":{"rendered":"Test Ergebnisse"},"content":{"rendered":"\t\t<div data-elementor-type=\"wp-page\" data-elementor-id=\"15773898\" class=\"elementor elementor-15773898 elementor-15771468\">\n\t\t\t\t<div class=\"elementor-element elementor-element-972306c e-flex e-con-boxed e-con e-parent\" data-id=\"972306c\" data-element_type=\"container\" data-e-type=\"container\">\n\t\t\t\t\t<div class=\"e-con-inner\">\n\t\t\t\t<div class=\"elementor-element elementor-element-ea01150 elementor-widget__width-initial elementor-widget elementor-widget-text-editor\" data-id=\"ea01150\" data-element_type=\"widget\" data-e-type=\"widget\" data-widget_type=\"text-editor.default\">\n\t\t\t\t<div class=\"elementor-widget-container\">\n\t\t\t\t\t\t\t\t\t<p>Bei Doctor Silver Ion sind wir bestrebt, die Qualit\u00e4t und Sicherheit unserer Produkte auf h\u00f6chstem Niveau zu halten. Zu diesem Zweck haben wir mit unabh\u00e4ngigen und renommierten Labors zusammengearbeitet, um zu beweisen, dass unsere Silberionen- und Biopolymer-Schichtprodukte verschiedene Qualit\u00e4ts- und Sicherheitstests erfolgreich bestanden haben. Die Testergebnisse, die wir erhalten haben, best\u00e4tigen die Wirksamkeit, Haltbarkeit und Anwendersicherheit unserer Produkte und erm\u00f6glichen es uns, sowohl den Komfort unserer Patienten als auch die Bed\u00fcrfnisse der Pflegekr\u00e4fte bestm\u00f6glich zu erf\u00fcllen. Auf diese Weise haben wir unser Engagement bekr\u00e4ftigt, unseren gesch\u00e4tzten Kunden die zuverl\u00e4ssigsten und hochwertigsten Produkte zu liefern. Sie k\u00f6nnen sich von der \u00fcberragenden Qualit\u00e4t und Sicherheit unserer Produkte \u00fcberzeugen, indem Sie sich unsere Testergebnisse im Detail ansehen.    <\/p>\t\t\t\t\t\t\t\t<\/div>\n\t\t\t\t<\/div>\n\t\t\t\t\t<\/div>\n\t\t\t\t<\/div>\n\t\t<div class=\"elementor-element elementor-element-af448f1 e-flex e-con-boxed e-con e-parent\" data-id=\"af448f1\" data-element_type=\"container\" data-e-type=\"container\">\n\t\t\t\t\t<div class=\"e-con-inner\">\n\t\t<div class=\"elementor-element elementor-element-e0c7cd0 e-con-full e-flex e-con e-child\" data-id=\"e0c7cd0\" data-element_type=\"container\" data-e-type=\"container\" data-settings=\"{&quot;background_background&quot;:&quot;classic&quot;}\">\n\t\t<div class=\"elementor-element elementor-element-8dce130 e-con-full e-flex e-con e-child\" data-id=\"8dce130\" data-element_type=\"container\" data-e-type=\"container\">\n\t\t\t\t<div class=\"elementor-element elementor-element-c5eeef5 elementor-widget elementor-widget-text-editor\" data-id=\"c5eeef5\" data-element_type=\"widget\" data-e-type=\"widget\" data-widget_type=\"text-editor.default\">\n\t\t\t\t<div class=\"elementor-widget-container\">\n\t\t\t\t\t\t\t\t\t<p><span style=\"color: #ffffff;\"><strong>Bitte klicken Sie hier, um unsere Testergebnisse zu sehen.<\/strong><\/span><\/p><p style=\"text-align: center;\"><div class=\"df-element df-lite\"  data-slug=\"test-result\" data-_slug=\"test-result\" data-title=\"test-results\" id=\"df_15769752\" data-option=\"df_option_15769752\"  data-lightbox=\"button\">Test Results<\/div><script class=\"df-shortcode-script\" type=\"application\/javascript\">window.df_option_15769752 = {\"source\":\"https:\\\/\\\/doctorsilverion.com\\\/wp-content\\\/uploads\\\/2024\\\/10\\\/Test-Results_repaired.pdf\",\"viewerType\":\"reader\",\"showDownloadControl\":true,\"slug\":\"test-result\",\"id\":15769752}; if(window.DEARPDF && window.DEARPDF.parseElements){window.DEARPDF.parseElements();}<\/script>\t\t\t\t\t\t\t\t<\/div>\n\t\t\t\t<\/div>\n\t\t\t\t<\/div>\n\t\t\t\t<\/div>\n\t\t\t\t\t<\/div>\n\t\t\t\t<\/div>\n\t\t\t\t<\/div>\n\t\t","protected":false},"excerpt":{"rendered":"<p>Bei Doctor Silver Ion sind wir bestrebt, die Qualit\u00e4t und Sicherheit unserer Produkte auf h\u00f6chstem Niveau zu halten. Zu diesem Zweck haben wir mit unabh\u00e4ngigen und renommierten Labors zusammengearbeitet, um zu beweisen, dass unsere Silberionen- und Biopolymer-Schichtprodukte verschiedene Qualit\u00e4ts- und Sicherheitstests erfolgreich bestanden haben. Die Testergebnisse, die wir erhalten haben, best\u00e4tigen die Wirksamkeit, Haltbarkeit und [&#8230;]\n","protected":false},"author":1,"featured_media":0,"parent":0,"menu_order":0,"comment_status":"closed","ping_status":"closed","template":"","meta":{"footnotes":""},"class_list":["post-15773898","page","type-page","status-publish","hentry"],"_links":{"self":[{"href":"https:\/\/doctorsilverion.com\/de\/wp-json\/wp\/v2\/pages\/15773898","targetHints":{"allow":["GET"]}}],"collection":[{"href":"https:\/\/doctorsilverion.com\/de\/wp-json\/wp\/v2\/pages"}],"about":[{"href":"https:\/\/doctorsilverion.com\/de\/wp-json\/wp\/v2\/types\/page"}],"author":[{"embeddable":true,"href":"https:\/\/doctorsilverion.com\/de\/wp-json\/wp\/v2\/users\/1"}],"replies":[{"embeddable":true,"href":"https:\/\/doctorsilverion.com\/de\/wp-json\/wp\/v2\/comments?post=15773898"}],"version-history":[{"count":1,"href":"https:\/\/doctorsilverion.com\/de\/wp-json\/wp\/v2\/pages\/15773898\/revisions"}],"predecessor-version":[{"id":15773899,"href":"https:\/\/doctorsilverion.com\/de\/wp-json\/wp\/v2\/pages\/15773898\/revisions\/15773899"}],"wp:attachment":[{"href":"https:\/\/doctorsilverion.com\/de\/wp-json\/wp\/v2\/media?parent=15773898"}],"curies":[{"name":"wp","href":"https:\/\/api.w.org\/{rel}","templated":true}]}}