{"id":15773894,"date":"2024-12-26T12:14:59","date_gmt":"2024-12-26T09:14:59","guid":{"rendered":"https:\/\/doctorsilverion.com\/sicherheitsdatenblaetter\/"},"modified":"2025-08-01T00:45:41","modified_gmt":"2025-07-31T21:45:41","slug":"sicherheitsdatenblaetter","status":"publish","type":"page","link":"https:\/\/doctorsilverion.com\/de\/sicherheitsdatenblaetter\/","title":{"rendered":"Sicherheitsdatenbl\u00e4tter"},"content":{"rendered":"\t\t<div data-elementor-type=\"wp-page\" data-elementor-id=\"15773894\" class=\"elementor elementor-15773894 elementor-15771481\">\n\t\t\t\t<div class=\"elementor-element elementor-element-14ce8e0 e-flex e-con-boxed e-con e-parent\" data-id=\"14ce8e0\" data-element_type=\"container\" data-e-type=\"container\">\n\t\t\t\t\t<div class=\"e-con-inner\">\n\t\t\t\t<div class=\"elementor-element elementor-element-2f94abf elementor-widget elementor-widget-text-editor\" data-id=\"2f94abf\" data-element_type=\"widget\" data-e-type=\"widget\" data-widget_type=\"text-editor.default\">\n\t\t\t\t<div class=\"elementor-widget-container\">\n\t\t\t\t\t\t\t\t\t<p><strong>Sicherheitsdatenbl\u00e4tter (SDB)<\/strong>, die wir erstellen, um ein H\u00f6chstma\u00df an Sicherheit und Wirksamkeit unserer Produkte zu gew\u00e4hrleisten, liefern detaillierte Informationen und erm\u00f6glichen unseren Anwendern einen bewussten und sicheren Umgang mit unseren Produkten. Diese Unterlagen, die f\u00fcr jedes unserer Produkte individuell erstellt werden, enthalten alle Informationen, die f\u00fcr eine sichere Anwendung sowohl zu Hause als auch in der professionellen Pflege erforderlich sind. Anhand unserer Sicherheitsdatenbl\u00e4tter k\u00f6nnen Sie sich umfassend \u00fcber den Inhalt, m\u00f6gliche Gefahren und sichere Verwendungsmethoden unserer Produkte informieren.<\/p><p>Im Einklang mit unserem Ziel, unseren gesch\u00e4tzten Kunden die h\u00f6chsten Qualit\u00e4ts- und Sicherheitsstandards zu bieten, aktualisieren wir unsere SDB-Dokumente regelm\u00e4\u00dfig und bringen sie mit den neuesten wissenschaftlichen und gesetzlichen Anforderungen in Einklang.<\/p><p><strong>Wenn Sie weitere Informationen \u00fcber unsere SDB-Dokumente w\u00fcnschen oder Fragen haben, wenden Sie sich bitte an unseren Kundendienst.<\/strong> Denken Sie daran: Wir sind f\u00fcr Ihre Gesundheit und Sicherheit da.<\/p>\t\t\t\t\t\t\t\t<\/div>\n\t\t\t\t<\/div>\n\t\t\t\t\t<\/div>\n\t\t\t\t<\/div>\n\t\t<div class=\"elementor-element elementor-element-efb78fd e-con-full e-flex e-con e-parent\" data-id=\"efb78fd\" data-element_type=\"container\" data-e-type=\"container\" data-settings=\"{&quot;background_background&quot;:&quot;classic&quot;}\">\n\t\t<div class=\"elementor-element elementor-element-5846c3e e-con-full e-flex e-con e-child\" data-id=\"5846c3e\" data-element_type=\"container\" data-e-type=\"container\">\n\t\t\t\t<div class=\"elementor-element elementor-element-3cbabe1 elementor-widget elementor-widget-text-editor\" data-id=\"3cbabe1\" data-element_type=\"widget\" data-e-type=\"widget\" data-widget_type=\"text-editor.default\">\n\t\t\t\t<div class=\"elementor-widget-container\">\n\t\t\t\t\t\t\t\t\t<p><span style=\"color: #ffffff;\"><strong>Bitte klicken Sie hier, um unsere SDB-Dokumente einzusehen.<\/strong><\/span><\/p><p style=\"text-align: center;\"><div class=\"df-element df-lite\"  data-slug=\"sds\" data-_slug=\"sds\" data-title=\"sds\" id=\"df_15769766\" data-option=\"df_option_15769766\"  data-lightbox=\"button\">SDS<\/div><script class=\"df-shortcode-script\" type=\"application\/javascript\">window.df_option_15769766 = {\"source\":\"https:\\\/\\\/doctorsilverion.com\\\/wp-content\\\/uploads\\\/2024\\\/10\\\/SDS-BIRLESIL.pdf\",\"showDownloadControl\":true,\"disableRange\":true,\"slug\":\"sds\",\"id\":15769766}; if(window.DEARPDF && window.DEARPDF.parseElements){window.DEARPDF.parseElements();}<\/script>\t\t\t\t\t\t\t\t<\/div>\n\t\t\t\t<\/div>\n\t\t\t\t<\/div>\n\t\t\t\t<\/div>\n\t\t\t\t<\/div>\n\t\t","protected":false},"excerpt":{"rendered":"<p>Sicherheitsdatenbl\u00e4tter (SDB), die wir erstellen, um ein H\u00f6chstma\u00df an Sicherheit und Wirksamkeit unserer Produkte zu gew\u00e4hrleisten, liefern detaillierte Informationen und erm\u00f6glichen unseren Anwendern einen bewussten und sicheren Umgang mit unseren Produkten. Diese Unterlagen, die f\u00fcr jedes unserer Produkte individuell erstellt werden, enthalten alle Informationen, die f\u00fcr eine sichere Anwendung sowohl zu Hause als auch in [&#8230;]\n","protected":false},"author":1,"featured_media":0,"parent":0,"menu_order":0,"comment_status":"closed","ping_status":"closed","template":"","meta":{"footnotes":""},"class_list":["post-15773894","page","type-page","status-publish","hentry"],"_links":{"self":[{"href":"https:\/\/doctorsilverion.com\/de\/wp-json\/wp\/v2\/pages\/15773894","targetHints":{"allow":["GET"]}}],"collection":[{"href":"https:\/\/doctorsilverion.com\/de\/wp-json\/wp\/v2\/pages"}],"about":[{"href":"https:\/\/doctorsilverion.com\/de\/wp-json\/wp\/v2\/types\/page"}],"author":[{"embeddable":true,"href":"https:\/\/doctorsilverion.com\/de\/wp-json\/wp\/v2\/users\/1"}],"replies":[{"embeddable":true,"href":"https:\/\/doctorsilverion.com\/de\/wp-json\/wp\/v2\/comments?post=15773894"}],"version-history":[{"count":1,"href":"https:\/\/doctorsilverion.com\/de\/wp-json\/wp\/v2\/pages\/15773894\/revisions"}],"predecessor-version":[{"id":15773895,"href":"https:\/\/doctorsilverion.com\/de\/wp-json\/wp\/v2\/pages\/15773894\/revisions\/15773895"}],"wp:attachment":[{"href":"https:\/\/doctorsilverion.com\/de\/wp-json\/wp\/v2\/media?parent=15773894"}],"curies":[{"name":"wp","href":"https:\/\/api.w.org\/{rel}","templated":true}]}}