{"id":15773892,"date":"2022-07-18T04:49:19","date_gmt":"2022-07-18T01:49:19","guid":{"rendered":"https:\/\/doctorsilverion.com\/bescheinigungen\/"},"modified":"2025-08-01T00:39:29","modified_gmt":"2025-07-31T21:39:29","slug":"bescheinigungen","status":"publish","type":"page","link":"https:\/\/doctorsilverion.com\/de\/bescheinigungen\/","title":{"rendered":"Bescheinigungen"},"content":{"rendered":"\t\t<div data-elementor-type=\"wp-page\" data-elementor-id=\"15773892\" class=\"elementor elementor-15773892 elementor-15771487\">\n\t\t\t\t<div class=\"elementor-element elementor-element-0bcd7fa e-flex e-con-boxed e-con e-parent\" data-id=\"0bcd7fa\" data-element_type=\"container\" data-e-type=\"container\">\n\t\t\t\t\t<div class=\"e-con-inner\">\n\t\t\t\t<div class=\"elementor-element elementor-element-e3bfd50 elementor-widget elementor-widget-text-editor\" data-id=\"e3bfd50\" data-element_type=\"widget\" data-e-type=\"widget\" data-widget_type=\"text-editor.default\">\n\t\t\t\t<div class=\"elementor-widget-container\">\n\t\t\t\t\t\t\t\t\t<p><strong>Jedes unserer Produkte wird durch international anerkannte Zertifikate unterst\u00fctzt.<\/strong><\/p><p>Unsere Produkte werden durch international anerkannte Zertifikate unterst\u00fctzt. <strong>Unsere ISO-Zertifikate<\/strong> zeigen, dass unsere Qualit\u00e4tsmanagementsysteme weltweit anerkannt und akzeptiert sind. Diese Zertifikate belegen, dass unsere Produktionsprozesse transparent und zuverl\u00e4ssig sind und auf kontinuierlicher Verbesserung beruhen. <\/p><p>Bei Doctor Silver Ion halten wir uns streng an diese Zertifizierungsverfahren, um unsere Produkte nicht nur auf den lokalen, sondern auch auf den globalen M\u00e4rkten wettbewerbsf\u00e4hig zu machen. Unsere Zertifizierungen sind ein Beweis f\u00fcr unser Engagement, Qualit\u00e4t und Sicherheit in jeder Phase der Produkte zu gew\u00e4hrleisten, die wir unseren Kunden anbieten. <\/p><p>Weitere Informationen \u00fcber unsere Zertifikate und ausf\u00fchrliche Informationen finden Sie in den entsprechenden Dokumenten.<\/p>\t\t\t\t\t\t\t\t<\/div>\n\t\t\t\t<\/div>\n\t\t\t\t\t<\/div>\n\t\t\t\t<\/div>\n\t\t<div class=\"elementor-element elementor-element-1c09034 e-flex e-con-boxed e-con e-parent\" data-id=\"1c09034\" data-element_type=\"container\" data-e-type=\"container\">\n\t\t\t\t\t<div class=\"e-con-inner\">\n\t\t<div class=\"elementor-element elementor-element-d678cb2 e-con-full e-flex e-con e-child\" data-id=\"d678cb2\" data-element_type=\"container\" data-e-type=\"container\">\n\t\t<div class=\"elementor-element elementor-element-999ae86 e-con-full e-flex e-con e-child\" data-id=\"999ae86\" data-element_type=\"container\" data-e-type=\"container\" data-settings=\"{&quot;background_background&quot;:&quot;classic&quot;}\">\n\t\t<div class=\"elementor-element elementor-element-c1f9e71 e-con-full e-flex e-con e-child\" data-id=\"c1f9e71\" data-element_type=\"container\" data-e-type=\"container\">\n\t\t\t\t<div class=\"elementor-element elementor-element-4f5c6a2 elementor-widget elementor-widget-text-editor\" data-id=\"4f5c6a2\" data-element_type=\"widget\" data-e-type=\"widget\" data-widget_type=\"text-editor.default\">\n\t\t\t\t<div class=\"elementor-widget-container\">\n\t\t\t\t\t\t\t\t\t<p><span style=\"color: #ffffff;\"><strong>Klicken Sie hier, um unsere Zertifikate einzusehen.<\/strong><\/span><\/p><p style=\"text-align: center;\"><div class=\"df-element df-lite\"  data-slug=\"certificates\" data-_slug=\"certificates\" data-title=\"certificates\" id=\"df_15769918\" data-option=\"df_option_15769918\"  data-lightbox=\"button\">Certificates<\/div><script class=\"df-shortcode-script\" type=\"application\/javascript\">window.df_option_15769918 = {\"source\":\"https:\\\/\\\/doctorsilverion.com\\\/wp-content\\\/uploads\\\/2024\\\/10\\\/Certificates.pdf\",\"viewerType\":\"reader\",\"showDownloadControl\":true,\"disableRange\":true,\"slug\":\"certificates\",\"id\":15769918}; if(window.DEARPDF && window.DEARPDF.parseElements){window.DEARPDF.parseElements();}<\/script>\t\t\t\t\t\t\t\t<\/div>\n\t\t\t\t<\/div>\n\t\t\t\t<\/div>\n\t\t\t\t<\/div>\n\t\t\t\t<\/div>\n\t\t\t\t\t<\/div>\n\t\t\t\t<\/div>\n\t\t\t\t<\/div>\n\t\t","protected":false},"excerpt":{"rendered":"<p>Jedes unserer Produkte wird durch international anerkannte Zertifikate unterst\u00fctzt. Unsere Produkte werden durch international anerkannte Zertifikate unterst\u00fctzt. Unsere ISO-Zertifikate zeigen, dass unsere Qualit\u00e4tsmanagementsysteme weltweit anerkannt und akzeptiert sind. Diese Zertifikate belegen, dass unsere Produktionsprozesse transparent und zuverl\u00e4ssig sind und auf kontinuierlicher Verbesserung beruhen. Bei Doctor Silver Ion halten wir uns streng an diese Zertifizierungsverfahren, um [&#8230;]\n","protected":false},"author":1,"featured_media":0,"parent":0,"menu_order":0,"comment_status":"closed","ping_status":"closed","template":"","meta":{"footnotes":""},"class_list":["post-15773892","page","type-page","status-publish","hentry"],"_links":{"self":[{"href":"https:\/\/doctorsilverion.com\/de\/wp-json\/wp\/v2\/pages\/15773892","targetHints":{"allow":["GET"]}}],"collection":[{"href":"https:\/\/doctorsilverion.com\/de\/wp-json\/wp\/v2\/pages"}],"about":[{"href":"https:\/\/doctorsilverion.com\/de\/wp-json\/wp\/v2\/types\/page"}],"author":[{"embeddable":true,"href":"https:\/\/doctorsilverion.com\/de\/wp-json\/wp\/v2\/users\/1"}],"replies":[{"embeddable":true,"href":"https:\/\/doctorsilverion.com\/de\/wp-json\/wp\/v2\/comments?post=15773892"}],"version-history":[{"count":1,"href":"https:\/\/doctorsilverion.com\/de\/wp-json\/wp\/v2\/pages\/15773892\/revisions"}],"predecessor-version":[{"id":15773893,"href":"https:\/\/doctorsilverion.com\/de\/wp-json\/wp\/v2\/pages\/15773892\/revisions\/15773893"}],"wp:attachment":[{"href":"https:\/\/doctorsilverion.com\/de\/wp-json\/wp\/v2\/media?parent=15773892"}],"curies":[{"name":"wp","href":"https:\/\/api.w.org\/{rel}","templated":true}]}}