{"id":15773881,"date":"2022-07-06T23:31:59","date_gmt":"2022-07-06T20:31:59","guid":{"rendered":"https:\/\/doctorsilverion.com\/ueber-uns\/"},"modified":"2025-08-02T03:47:41","modified_gmt":"2025-08-02T00:47:41","slug":"uber-uns","status":"publish","type":"page","link":"https:\/\/doctorsilverion.com\/de\/uber-uns\/","title":{"rendered":"\u00dcber uns"},"content":{"rendered":"\t\t<div data-elementor-type=\"wp-page\" data-elementor-id=\"15773881\" class=\"elementor elementor-15773881 elementor-15770435\">\n\t\t\t\t\t\t<section class=\"elementor-section elementor-top-section elementor-element elementor-element-70088b8 elementor-section-boxed elementor-section-height-default elementor-section-height-default\" data-id=\"70088b8\" data-element_type=\"section\" data-e-type=\"section\">\n\t\t\t\t\t\t<div class=\"elementor-container elementor-column-gap-default\">\n\t\t\t\t\t<div class=\"elementor-column elementor-col-50 elementor-top-column elementor-element elementor-element-884c691\" data-id=\"884c691\" data-element_type=\"column\" data-e-type=\"column\">\n\t\t\t<div class=\"elementor-widget-wrap elementor-element-populated\">\n\t\t\t\t\t\t<div class=\"elementor-element elementor-element-2ce25ba elementor-widget elementor-widget-heading\" data-id=\"2ce25ba\" data-element_type=\"widget\" data-e-type=\"widget\" data-widget_type=\"heading.default\">\n\t\t\t\t<div class=\"elementor-widget-container\">\n\t\t\t\t\t<h2 class=\"elementor-heading-title elementor-size-default\">Wer sind wir?<\/h2>\t\t\t\t<\/div>\n\t\t\t\t<\/div>\n\t\t\t\t<div class=\"elementor-element elementor-element-e101468 elementor-widget elementor-widget-text-editor\" data-id=\"e101468\" data-element_type=\"widget\" data-e-type=\"widget\" data-widget_type=\"text-editor.default\">\n\t\t\t\t<div class=\"elementor-widget-container\">\n\t\t\t\t\t\t\t\t\t<p>Die Marke Doctor Silver Ion begann ihre Aktivit\u00e4ten im Jahr 2004 mit der akademischen Forschung auf dem Gebiet der antiviralen, antimikrobiellen und antibakteriellen Textiltechnologie. Seit 2014 setzt sie ihre Forschungs- und Entwicklungsaktivit\u00e4ten innerhalb der Fakult\u00e4t f\u00fcr Textiltechnik der Technischen Universit\u00e4t Istanbul und des ITU Teknopark (Technologieentwicklungszentrum) fort und hat es sich zur Aufgabe gemacht, patentierbare innovative L\u00f6sungen f\u00fcr den Gesundheits- und Textilsektor zu entwickeln. <\/p><p>Die Marke beschr\u00e4nkt sich nicht auf Textilprodukte, sondern bietet mit ihrer breiten Produktpalette L\u00f6sungen, die die Gesundheits- und Hygienestandards maximieren. Die in Zusammenarbeit mit <strong>Hippocrates Changersla R&amp;D und Nano Technologies Inc.<\/strong> entwickelten Produkte sind in spezifischen Kategorien f\u00fcr unterschiedliche Bed\u00fcrfnisse positioniert.<\/p>\t\t\t\t\t\t\t\t<\/div>\n\t\t\t\t<\/div>\n\t\t\t\t\t<\/div>\n\t\t<\/div>\n\t\t\t\t<div class=\"elementor-column elementor-col-50 elementor-top-column elementor-element elementor-element-870e0a9\" data-id=\"870e0a9\" data-element_type=\"column\" data-e-type=\"column\">\n\t\t\t<div class=\"elementor-widget-wrap elementor-element-populated\">\n\t\t\t\t\t\t<div class=\"elementor-element elementor-element-c17ce74 elementor-widget elementor-widget-image\" data-id=\"c17ce74\" data-element_type=\"widget\" data-e-type=\"widget\" data-widget_type=\"image.default\">\n\t\t\t\t<div class=\"elementor-widget-container\">\n\t\t\t\t\t\t\t\t\t\t\t\t\t\t\t<img fetchpriority=\"high\" decoding=\"async\" width=\"500\" height=\"500\" src=\"https:\/\/doctorsilverion.com\/wp-content\/uploads\/2023\/09\/Adsiz-tasarim.png\" class=\"attachment-large size-large wp-image-15772895\" alt=\"\" srcset=\"https:\/\/doctorsilverion.com\/wp-content\/uploads\/2023\/09\/Adsiz-tasarim.png 500w, https:\/\/doctorsilverion.com\/wp-content\/uploads\/2023\/09\/Adsiz-tasarim-247x247.png 247w, https:\/\/doctorsilverion.com\/wp-content\/uploads\/2023\/09\/Adsiz-tasarim-100x100.png 100w, https:\/\/doctorsilverion.com\/wp-content\/uploads\/2023\/09\/Adsiz-tasarim-300x300.png 300w, https:\/\/doctorsilverion.com\/wp-content\/uploads\/2023\/09\/Adsiz-tasarim-150x150.png 150w, https:\/\/doctorsilverion.com\/wp-content\/uploads\/2023\/09\/Adsiz-tasarim-480x480.png 480w\" sizes=\"(max-width: 500px) 100vw, 500px\" \/>\t\t\t\t\t\t\t\t\t\t\t\t\t\t\t<\/div>\n\t\t\t\t<\/div>\n\t\t\t\t\t<\/div>\n\t\t<\/div>\n\t\t\t\t\t<\/div>\n\t\t<\/section>\n\t\t\t\t<section class=\"elementor-section elementor-top-section elementor-element elementor-element-d133d11 elementor-section-boxed elementor-section-height-default elementor-section-height-default\" data-id=\"d133d11\" data-element_type=\"section\" data-e-type=\"section\">\n\t\t\t\t\t\t<div class=\"elementor-container elementor-column-gap-default\">\n\t\t\t\t\t<div class=\"elementor-column elementor-col-100 elementor-top-column elementor-element elementor-element-35adf8c\" data-id=\"35adf8c\" data-element_type=\"column\" data-e-type=\"column\">\n\t\t\t<div class=\"elementor-widget-wrap elementor-element-populated\">\n\t\t\t\t\t\t<div class=\"elementor-element elementor-element-084d597 elementor-widget elementor-widget-heading\" data-id=\"084d597\" data-element_type=\"widget\" data-e-type=\"widget\" data-widget_type=\"heading.default\">\n\t\t\t\t<div class=\"elementor-widget-container\">\n\t\t\t\t\t<h2 class=\"elementor-heading-title elementor-size-default\">Auftrag f\u00fcr die Zukunft<\/h2>\t\t\t\t<\/div>\n\t\t\t\t<\/div>\n\t\t\t\t<div class=\"elementor-element elementor-element-0a685c6 elementor-widget elementor-widget-text-editor\" data-id=\"0a685c6\" data-element_type=\"widget\" data-e-type=\"widget\" data-widget_type=\"text-editor.default\">\n\t\t\t\t<div class=\"elementor-widget-container\">\n\t\t\t\t\t\t\t\t\t<p>Doctor Silver Ion erf\u00fcllt nicht nur die aktuellen Bed\u00fcrfnisse, sondern \u00fcbernimmt auch eine f\u00fchrende Rolle bei der Entwicklung der Gesundheits- und Hygienel\u00f6sungen der Zukunft. Mit dem Ziel, durch kontinuierliche Investitionen in Forschung und Entwicklung nachhaltige, umweltfreundliche und innovative Produkte herzustellen, weitet die Marke ihre Bem\u00fchungen aus, um die Bed\u00fcrfnisse von Privatanwendern und Fachleuten zu erf\u00fcllen. <\/p><p>Doctor Silver Ion positioniert sich mit seinen innovativen Produkten weiterhin als zuverl\u00e4ssige Marke auf dem nationalen und internationalen Markt, wobei der Schwerpunkt auf der Verbesserung der menschlichen Gesundheit und Lebensqualit\u00e4t liegt.<\/p>\t\t\t\t\t\t\t\t<\/div>\n\t\t\t\t<\/div>\n\t\t\t\t\t<\/div>\n\t\t<\/div>\n\t\t\t\t\t<\/div>\n\t\t<\/section>\n\t\t\t\t<section class=\"elementor-section elementor-top-section elementor-element elementor-element-2b4d474 elementor-section-boxed elementor-section-height-default elementor-section-height-default\" data-id=\"2b4d474\" data-element_type=\"section\" data-e-type=\"section\">\n\t\t\t\t\t\t<div class=\"elementor-container elementor-column-gap-default\">\n\t\t\t\t\t<div class=\"elementor-column elementor-col-50 elementor-top-column elementor-element elementor-element-e294c64\" data-id=\"e294c64\" data-element_type=\"column\" data-e-type=\"column\">\n\t\t\t<div class=\"elementor-widget-wrap elementor-element-populated\">\n\t\t\t\t\t\t<div class=\"elementor-element elementor-element-64be4dd elementor-widget elementor-widget-image\" data-id=\"64be4dd\" data-element_type=\"widget\" data-e-type=\"widget\" data-widget_type=\"image.default\">\n\t\t\t\t<div class=\"elementor-widget-container\">\n\t\t\t\t\t\t\t\t\t\t\t\t\t\t\t<img decoding=\"async\" width=\"500\" height=\"500\" src=\"https:\/\/doctorsilverion.com\/wp-content\/uploads\/2023\/09\/Adsiz-tasarim-15454.png\" class=\"attachment-full size-full wp-image-15772897\" alt=\"\" srcset=\"https:\/\/doctorsilverion.com\/wp-content\/uploads\/2023\/09\/Adsiz-tasarim-15454.png 500w, https:\/\/doctorsilverion.com\/wp-content\/uploads\/2023\/09\/Adsiz-tasarim-15454-247x247.png 247w, https:\/\/doctorsilverion.com\/wp-content\/uploads\/2023\/09\/Adsiz-tasarim-15454-100x100.png 100w, https:\/\/doctorsilverion.com\/wp-content\/uploads\/2023\/09\/elementor\/thumbs\/Adsiz-tasarim-15454-qce3o12h0r5kshyirnk2vkpwmg0t7b0kxav5cpjyk8.png 300w, https:\/\/doctorsilverion.com\/wp-content\/uploads\/2023\/09\/Adsiz-tasarim-15454-150x150.png 150w, https:\/\/doctorsilverion.com\/wp-content\/uploads\/2023\/09\/Adsiz-tasarim-15454-480x480.png 480w\" sizes=\"(max-width: 500px) 100vw, 500px\" \/>\t\t\t\t\t\t\t\t\t\t\t\t\t\t\t<\/div>\n\t\t\t\t<\/div>\n\t\t\t\t\t<\/div>\n\t\t<\/div>\n\t\t\t\t<div class=\"elementor-column elementor-col-50 elementor-top-column elementor-element elementor-element-5e124d9\" data-id=\"5e124d9\" data-element_type=\"column\" data-e-type=\"column\">\n\t\t\t<div class=\"elementor-widget-wrap elementor-element-populated\">\n\t\t\t\t\t\t<div class=\"elementor-element elementor-element-42679d1 elementor-widget elementor-widget-heading\" data-id=\"42679d1\" data-element_type=\"widget\" data-e-type=\"widget\" data-widget_type=\"heading.default\">\n\t\t\t\t<div class=\"elementor-widget-container\">\n\t\t\t\t\t<h2 class=\"elementor-heading-title elementor-size-default\">Warum wir?<\/h2>\t\t\t\t<\/div>\n\t\t\t\t<\/div>\n\t\t\t\t<div class=\"elementor-element elementor-element-d27acae elementor-widget elementor-widget-text-editor\" data-id=\"d27acae\" data-element_type=\"widget\" data-e-type=\"widget\" data-widget_type=\"text-editor.default\">\n\t\t\t\t<div class=\"elementor-widget-container\">\n\t\t\t\t\t\t\t\t\t<h6 class=\"cvGsUA direction-ltr align-start para-style-body\"><strong>Nanotechnologie-Produkte<\/strong><\/h6><p><strong>Produkte, die mit Nanobeschichtungstechnologie entwickelt wurden:<\/strong> Gewebebeschichtungsl\u00f6sungen, die antivirale und antibakterielle Eigenschaften dauerhaft machen.<\/p><h6 class=\"cvGsUA direction-ltr align-start para-style-body\"><strong>L\u00f6sungen f\u00fcr Gruppen mit besonderen Bed\u00fcrfnissen<\/strong><\/h6><p><strong>Produkte f\u00fcr Krankenh\u00e4user und h\u00e4usliche Pflege: <\/strong>Gewebebeschichtungsl\u00f6sungen, die antivirale und antibakterielle Eigenschaften dauerhaft machen.<\/p><p><strong>Produkte f\u00fcr Athleten: <\/strong>Schwei\u00dfresistente, atmungsaktive und hygienische Produkte.<\/p>\t\t\t\t\t\t\t\t<\/div>\n\t\t\t\t<\/div>\n\t\t\t\t\t<\/div>\n\t\t<\/div>\n\t\t\t\t\t<\/div>\n\t\t<\/section>\n\t\t\t\t<\/div>\n\t\t","protected":false},"excerpt":{"rendered":"<p>Wer sind wir? Die Marke Doctor Silver Ion begann ihre Aktivit\u00e4ten im Jahr 2004 mit der akademischen Forschung auf dem Gebiet der antiviralen, antimikrobiellen und antibakteriellen Textiltechnologie. Seit 2014 setzt sie ihre Forschungs- und Entwicklungsaktivit\u00e4ten innerhalb der Fakult\u00e4t f\u00fcr Textiltechnik der Technischen Universit\u00e4t Istanbul und des ITU Teknopark (Technologieentwicklungszentrum) fort und hat es sich zur [&#8230;]\n","protected":false},"author":1,"featured_media":0,"parent":0,"menu_order":0,"comment_status":"closed","ping_status":"closed","template":"","meta":{"footnotes":""},"class_list":["post-15773881","page","type-page","status-publish","hentry"],"_links":{"self":[{"href":"https:\/\/doctorsilverion.com\/de\/wp-json\/wp\/v2\/pages\/15773881","targetHints":{"allow":["GET"]}}],"collection":[{"href":"https:\/\/doctorsilverion.com\/de\/wp-json\/wp\/v2\/pages"}],"about":[{"href":"https:\/\/doctorsilverion.com\/de\/wp-json\/wp\/v2\/types\/page"}],"author":[{"embeddable":true,"href":"https:\/\/doctorsilverion.com\/de\/wp-json\/wp\/v2\/users\/1"}],"replies":[{"embeddable":true,"href":"https:\/\/doctorsilverion.com\/de\/wp-json\/wp\/v2\/comments?post=15773881"}],"version-history":[{"count":1,"href":"https:\/\/doctorsilverion.com\/de\/wp-json\/wp\/v2\/pages\/15773881\/revisions"}],"predecessor-version":[{"id":15773882,"href":"https:\/\/doctorsilverion.com\/de\/wp-json\/wp\/v2\/pages\/15773881\/revisions\/15773882"}],"wp:attachment":[{"href":"https:\/\/doctorsilverion.com\/de\/wp-json\/wp\/v2\/media?parent=15773881"}],"curies":[{"name":"wp","href":"https:\/\/api.w.org\/{rel}","templated":true}]}}